{"id":19228,"date":"2017-08-11T11:40:08","date_gmt":"2017-08-11T09:40:08","guid":{"rendered":"http:\/\/www.polyvel-europe.com\/branchen\/"},"modified":"2022-05-20T09:33:23","modified_gmt":"2022-05-20T07:33:23","slug":"industrias","status":"publish","type":"page","link":"http:\/\/www.polyvel-europe.com\/es\/industrias\/","title":{"rendered":"Industrias"},"content":{"rendered":"<p>[vc_row css_animation=\u00bb\u00bb row_type=\u00bbrow\u00bb use_row_as_full_screen_section=\u00bbno\u00bb type=\u00bbfull_width\u00bb angled_section=\u00bbno\u00bb text_align=\u00bbleft\u00bb background_image_as_pattern=\u00bbwithout_pattern\u00bb background_color=\u00bb#ffffff\u00bb css=\u00bb.vc_custom_1505033206454{background-image: url(http:\/\/www.polyvel-europe.com\/wp-content\/uploads\/2017\/08\/pic10.jpg?id=18982) !important;}\u00bb][vc_column][vc_row_inner row_type=\u00bbrow\u00bb type=\u00bbgrid\u00bb text_align=\u00bbleft\u00bb css_animation=\u00bb\u00bb css=\u00bb.vc_custom_1484929315978{padding-top: 15% !important;padding-bottom: 15% !important;}\u00bb][vc_column_inner][vc_column_text el_class=\u00bbwhite\u00bb]<\/p>\n<h2>Masterbatches para composici\u00f3n<\/h2>\n<p>[\/vc_column_text][\/vc_column_inner][\/vc_row_inner][\/vc_column][\/vc_row][vc_row css_animation=\u00bb\u00bb row_type=\u00bbrow\u00bb use_row_as_full_screen_section=\u00bbno\u00bb type=\u00bbgrid\u00bb angled_section=\u00bbno\u00bb text_align=\u00bbleft\u00bb background_image_as_pattern=\u00bbwithout_pattern\u00bb background_color=\u00bb#ffffff\u00bb border_color=\u00bb#eeeeee\u00bb css=\u00bb.vc_custom_1502445296966{padding-top: 5% !important;padding-bottom: 5% !important;}\u00bb][vc_column width=\u00bb1\/2&#8243; el_class=\u00bbhmf\u00bb css=\u00bb.vc_custom_1484649324304{padding-top: 50px !important;padding-bottom: 50px !important;}\u00bb][vc_column_text]El uso de masterbatches aditivos tambi\u00e9n es interesante en la composici\u00f3n por varias razones: los masterbatches son m\u00e1s f\u00e1ciles y m\u00e1s precisos de dosificar que los polvos, las ceras o los l\u00edquidos. Adem\u00e1s, el procesamiento y manejo de masterbatches aditivos es muy seguro y limpio. Varios productos qu\u00edmicos, como los per\u00f3xidos, requieren una tecnolog\u00eda de dosificaci\u00f3n compleja y precauciones de seguridad altas. Aqu\u00ed, el masterbatch aditivo del Polyvel es un solucionador de problemas!<\/p>\n<ul>\n<li>Mezcla de per\u00f3xido para la modificaci\u00f3n de la viscosidad en PP<\/li>\n<li>MoS2-masterbatches<\/li>\n<li>Suavizantes para poliamida<\/li>\n<li>UV-stabliliziers<\/li>\n<li>Antioxidantes<\/li>\n<\/ul>\n<p>[\/vc_column_text][vc_empty_space height=\u00bb22px\u00bb]<a  itemprop=\"url\" href=\"mailto:info@polyvel-europe.com\" target=\"_self\" data-hover-background-color='#0089d0' data-hover-border-color='#0089d0' data-hover-color='#ffffff' class=\"qbutton  large center default\" style=\"color: #0089d0; border-color: #0089d0; border-radius: 99%px;-moz-border-radius: 99%px;-webkit-border-radius: 99%px; background-color: #ffffff;\">Cont\u00e1ctenos<\/a>[\/vc_column][vc_column width=\u00bb1\/2&#8243; el_class=\u00bbhmf nodisplay\u00bb css=\u00bb.vc_custom_1505495099039{background-position: center !important;background-repeat: no-repeat !important;background-size: cover !important;}\u00bb][\/vc_column][\/vc_row][vc_row css_animation=\u00bb\u00bb row_type=\u00bbrow\u00bb use_row_as_full_screen_section=\u00bbno\u00bb type=\u00bbfull_width\u00bb angled_section=\u00bbno\u00bb text_align=\u00bbleft\u00bb background_image_as_pattern=\u00bbwithout_pattern\u00bb background_color=\u00bb#ffffff\u00bb css=\u00bb.vc_custom_1502445041574{background-image: url(http:\/\/www.polyvel-europe.com\/wp-content\/uploads\/2017\/08\/pic11.jpg?id=18983) !important;}\u00bb][vc_column][vc_row_inner row_type=\u00bbrow\u00bb type=\u00bbgrid\u00bb text_align=\u00bbleft\u00bb css_animation=\u00bb\u00bb css=\u00bb.vc_custom_1495103981094{padding-top: 15% !important;padding-bottom: 15% !important;}\u00bb][vc_column_inner][vc_column_text el_class=\u00bbwhite\u00bb]<\/p>\n<h2>Masterbatches para el proceso de extrusi\u00f3n<\/h2>\n<p>[\/vc_column_text][\/vc_column_inner][\/vc_row_inner][\/vc_column][\/vc_row][vc_row css_animation=\u00bb\u00bb row_type=\u00bbrow\u00bb use_row_as_full_screen_section=\u00bbno\u00bb type=\u00bbgrid\u00bb angled_section=\u00bbno\u00bb text_align=\u00bbleft\u00bb background_image_as_pattern=\u00bbwithout_pattern\u00bb background_color=\u00bb#ffffff\u00bb border_color=\u00bb#eeeeee\u00bb css=\u00bb.vc_custom_1502445324015{padding-top: 5% !important;padding-bottom: % !important;}\u00bb][vc_column width=\u00bb1\/2&#8243; el_class=\u00bbhmf\u00bb css=\u00bb.vc_custom_1484649324304{padding-top: 50px !important;padding-bottom: 50px !important;}\u00bb][vc_column_text]La extrusi\u00f3n es una parte integral de los es aditivos masterbatch: los pl\u00e1sticos actuales pueden adaptarse con precisi\u00f3n a los requisitos del cliente mediante el uso espec\u00edfico de masterbatches aditivos. Incluso con el aspecto de un proceso de producci\u00f3n \u00f3ptimo, las ventajas decisivas del coste se pueden alcanzar a menudo solamente con los masterbatches aditivos. Durante m\u00e1s de 30 a\u00f1os, Polyvel ha estado produciendo masterbatches aditivos, que se utilizan con \u00e9xito en la extrusi\u00f3n todos los d\u00edas!<\/p>\n<ul>\n<li>Mezclas de per\u00f3xido para acoplamiento<\/li>\n<li>Antiniebla<\/li>\n<li>AYUDAS DE PROCESOS FLUR POLIMERICOS<\/li>\n<li>Antibloqueo<\/li>\n<li>Antiest\u00e1ticos<\/li>\n<li>Aditivos deslizantes<\/li>\n<li>Concentrados mate<\/li>\n<li>Agentes de expansi\u00f3n<\/li>\n<li>Lubricantes<\/li>\n<li>Nucleadores<\/li>\n<li>Clarificador<\/li>\n<\/ul>\n<p>[\/vc_column_text][vc_empty_space height=\u00bb22px\u00bb]<a  itemprop=\"url\" href=\"mailto:info@polyvel-europe.com\" target=\"_self\" data-hover-background-color='#0089d0' data-hover-border-color='#0089d0' data-hover-color='#ffffff' class=\"qbutton  large center default\" style=\"color: #0089d0; border-color: #0089d0; border-radius: 99%px;-moz-border-radius: 99%px;-webkit-border-radius: 99%px; background-color: #ffffff;\">Cont\u00e1ctenos<\/a>[\/vc_column][vc_column width=\u00bb1\/2&#8243; el_class=\u00bbhmf nodisplay\u00bb css=\u00bb.vc_custom_1505495119932{background-position: center !important;background-repeat: no-repeat !important;background-size: cover !important;}\u00bb][\/vc_column][\/vc_row][vc_row css_animation=\u00bb\u00bb row_type=\u00bbrow\u00bb use_row_as_full_screen_section=\u00bbno\u00bb type=\u00bbfull_width\u00bb angled_section=\u00bbno\u00bb text_align=\u00bbleft\u00bb background_image_as_pattern=\u00bbwithout_pattern\u00bb background_color=\u00bb#ffffff\u00bb css=\u00bb.vc_custom_1505033099691{background-image: url(http:\/\/www.polyvel-europe.com\/wp-content\/uploads\/2017\/08\/pic12.jpg?id=18984) !important;}\u00bb][vc_column][vc_row_inner row_type=\u00bbrow\u00bb type=\u00bbgrid\u00bb text_align=\u00bbleft\u00bb css_animation=\u00bb\u00bb css=\u00bb.vc_custom_1484929315978{padding-top: 15% !important;padding-bottom: 15% !important;}\u00bb][vc_column_inner][vc_column_text el_class=\u00bbwhite\u00bb]<\/p>\n<h2>Masterbatches para el proceso de moldeo por inyecci\u00f3n<\/h2>\n<h1><span style=\"color: #ffffff;\">\u00a0<\/span><\/h1>\n<p>[\/vc_column_text][\/vc_column_inner][\/vc_row_inner][\/vc_column][\/vc_row][vc_row css_animation=\u00bb\u00bb row_type=\u00bbrow\u00bb use_row_as_full_screen_section=\u00bbno\u00bb type=\u00bbgrid\u00bb angled_section=\u00bbno\u00bb text_align=\u00bbleft\u00bb background_image_as_pattern=\u00bbwithout_pattern\u00bb background_color=\u00bb#ffffff\u00bb border_color=\u00bb#eeeeee\u00bb css=\u00bb.vc_custom_1502445379209{padding-top: 5% !important;padding-bottom: 5% !important;}\u00bb][vc_column width=\u00bb1\/2&#8243; el_class=\u00bbhmf\u00bb css=\u00bb.vc_custom_1484649324304{padding-top: 50px !important;padding-bottom: 50px !important;}\u00bb][vc_column_text]El uso de masterbats de color es ampliamente utilizado en el moldeo por inyecci\u00f3n. Tambi\u00e9n es posible adaptar un pol\u00edmero base por medio de masterbatches aditivos precisamente al prop\u00f3sito de aplicaci\u00f3n. Nuestros masterbatches aditivos son ideales para procesamiento en moldeo por inyecci\u00f3n, y se pueden dosificar con seguridad y precisi\u00f3n, a menudo con la tecnolog\u00eda de dosificaci\u00f3n disponible.<\/p>\n<ul>\n<li>Mezclas de per\u00f3xido de magnesio para la reducci\u00f3n del tiempo de ciclo y la ayuda al proceso \/\u00a0mejorador de flujo<\/li>\n<li>Ayudas de proceso<\/li>\n<li>Lubricantes<\/li>\n<li>Antiest\u00e1ticos<\/li>\n<li>Estabilizadores UV<\/li>\n<li>Antioxidantien<\/li>\n<\/ul>\n<p>[\/vc_column_text][vc_empty_space height=\u00bb22px\u00bb]<a  itemprop=\"url\" href=\"mailto:info@polyvel-europe.com\" target=\"_self\" data-hover-background-color='#0089d0' data-hover-border-color='#0089d0' data-hover-color='#ffffff' class=\"qbutton  large center default\" style=\"color: #0089d0; border-color: #0089d0; border-radius: 99%px;-moz-border-radius: 99%px;-webkit-border-radius: 99%px; background-color: #ffffff;\">Cont\u00e1ctenos<\/a>[\/vc_column][vc_column width=\u00bb1\/2&#8243; el_class=\u00bbhmf nodisplay\u00bb css=\u00bb.vc_custom_1505495126998{background-position: center !important;background-repeat: no-repeat !important;background-size: cover !important;}\u00bb][\/vc_column][\/vc_row][vc_row css_animation=\u00bb\u00bb row_type=\u00bbrow\u00bb use_row_as_full_screen_section=\u00bbno\u00bb type=\u00bbfull_width\u00bb angled_section=\u00bbno\u00bb text_align=\u00bbleft\u00bb background_image_as_pattern=\u00bbwithout_pattern\u00bb background_color=\u00bb#ffffff\u00bb css=\u00bb.vc_custom_1505033171625{background-image: url(http:\/\/www.polyvel-europe.com\/wp-content\/uploads\/2017\/08\/pic13.jpg?id=18985) !important;}\u00bb][vc_column][vc_row_inner row_type=\u00bbrow\u00bb type=\u00bbgrid\u00bb text_align=\u00bbleft\u00bb css_animation=\u00bb\u00bb css=\u00bb.vc_custom_1484929344521{padding-top: 15% !important;padding-bottom: 15% !important;}\u00bb][vc_column_inner width=\u00bb1\/2&#8243;][\/vc_column_inner][vc_column_inner width=\u00bb1\/2&#8243;][vc_column_text el_class=\u00bbwhite\u00bb]<\/p>\n<h2>Masterbatches para el proceso no tejido<\/h2>\n<h1><span style=\"color: #ffffff;\">\u00a0<\/span><\/h1>\n<p>[\/vc_column_text][\/vc_column_inner][\/vc_row_inner][\/vc_column][\/vc_row][vc_row css_animation=\u00bb\u00bb row_type=\u00bbrow\u00bb use_row_as_full_screen_section=\u00bbno\u00bb type=\u00bbgrid\u00bb angled_section=\u00bbno\u00bb text_align=\u00bbleft\u00bb background_image_as_pattern=\u00bbwithout_pattern\u00bb background_color=\u00bb#ffffff\u00bb border_color=\u00bb#eeeeee\u00bb css=\u00bb.vc_custom_1502445386315{padding-top: 5% !important;padding-bottom: 5% !important;}\u00bb][vc_column width=\u00bb1\/2&#8243; el_class=\u00bbhmf\u00bb css=\u00bb.vc_custom_1484649447539{padding-top: 50px !important;padding-bottom: 50px !important;}\u00bb][vc_column_text]A trav\u00e9s de nuestro masterbatch aditivo, polipropileno nonwovens puede ser equipado con propiedades especiales. Los altos est\u00e1ndares en nuestros procesos de producci\u00f3n garantizan el uso libre de problemas en la producci\u00f3n de tejidos nonwoven, nuestros masterbatches aditivos se utilizan desde hace a\u00f1os en la producci\u00f3n de tejidos nonwoven para productos higi\u00e9nicos y son utilizados por compa\u00f1\u00edas bien conocidas.<\/p>\n<ul>\n<li>Agentes suavizantes<\/li>\n<li>Per\u00f3xido-masterbaches<\/li>\n<li>Ayudas de proceso<\/li>\n<\/ul>\n<p>[\/vc_column_text][vc_empty_space height=\u00bb22px\u00bb]<a  itemprop=\"url\" href=\"mailto:info@polyvel-europe.com\" target=\"_self\" data-hover-background-color='#0089d0' data-hover-border-color='#0089d0' data-hover-color='#ffffff' class=\"qbutton  large center default\" style=\"color: #0089d0; border-color: #0089d0; border-radius: 99%px;-moz-border-radius: 99%px;-webkit-border-radius: 99%px; background-color: #ffffff;\">Cont\u00e1ctenos<\/a>[\/vc_column][vc_column width=\u00bb1\/2&#8243; el_class=\u00bbhmf nodisplay\u00bb css=\u00bb.vc_custom_1505495134469{background-position: center !important;background-repeat: no-repeat !important;background-size: cover !important;}\u00bb][\/vc_column][\/vc_row][vc_row css_animation=\u00bb\u00bb row_type=\u00bbrow\u00bb use_row_as_full_screen_section=\u00bbno\u00bb type=\u00bbfull_width\u00bb angled_section=\u00bbno\u00bb text_align=\u00bbleft\u00bb background_image_as_pattern=\u00bbwithout_pattern\u00bb background_color=\u00bb#ffffff\u00bb css=\u00bb.vc_custom_1505033135693{background-image: url(http:\/\/www.polyvel-europe.com\/wp-content\/uploads\/2017\/08\/pic_mais.jpg?id=19083) !important;}\u00bb][vc_column][vc_row_inner row_type=\u00bbrow\u00bb type=\u00bbgrid\u00bb text_align=\u00bbleft\u00bb css_animation=\u00bb\u00bb css=\u00bb.vc_custom_1502982878595{padding-top: 23% !important;padding-bottom: 7% !important;}\u00bb][vc_column_inner][vc_column_text el_class=\u00bbwhite\u00bb]<\/p>\n<h2>Masterbatches para la producci\u00f3n PLA<\/h2>\n<h1><span style=\"color: #ffffff;\">\u00a0<\/span><\/h1>\n<p>[\/vc_column_text][\/vc_column_inner][\/vc_row_inner][\/vc_column][\/vc_row][vc_row css_animation=\u00bb\u00bb row_type=\u00bbrow\u00bb use_row_as_full_screen_section=\u00bbno\u00bb type=\u00bbgrid\u00bb angled_section=\u00bbno\u00bb text_align=\u00bbleft\u00bb background_image_as_pattern=\u00bbwithout_pattern\u00bb background_color=\u00bb#ffffff\u00bb border_color=\u00bb#eeeeee\u00bb css=\u00bb.vc_custom_1502445386315{padding-top: 5% !important;padding-bottom: 5% !important;}\u00bb][vc_column width=\u00bb1\/2&#8243; el_class=\u00bbhmf\u00bb css=\u00bb.vc_custom_1484649447539{padding-top: 50px !important;padding-bottom: 50px !important;}\u00bb][vc_column_text]El PLA es ahora bien conocido y generalizado. Sin embargo, PLA requiere un aditivo dirigido para cada aplicaci\u00f3n, tanto en t\u00e9rminos de propiedades de procesamiento y propiedades de material. Nuestro Masterbatch creado exactamente aqu\u00ed, ofrece soluciones probadas en colaboraci\u00f3n con los productores de PLA de renombre.<\/p>\n<ul>\n<li>Modificador de impacto transparente<\/li>\n<li>Nucleadores transparentes<\/li>\n<li>Plastificante<\/li>\n<li>Agentes de la cadena externed \/ coulpings<\/li>\n<li>Estabilizador de hidr\u00f3lisis<\/li>\n<li>Deslizamiento y antibloqueo.<\/li>\n<li>Ayudas de proceso<\/li>\n<li>Retardante de llama no hologenado para mezclas de PLA<\/li>\n<\/ul>\n<p>[\/vc_column_text][vc_empty_space height=\u00bb22px\u00bb]<a  itemprop=\"url\" href=\"mailto:info@polyvel-europe.com\" target=\"_self\" data-hover-background-color='#0089d0' data-hover-border-color='#0089d0' data-hover-color='#ffffff' class=\"qbutton  large center default\" style=\"color: #0089d0; border-color: #0089d0; border-radius: 99%px;-moz-border-radius: 99%px;-webkit-border-radius: 99%px; background-color: #ffffff;\">Cont\u00e1ctenos<\/a>[\/vc_column][vc_column width=\u00bb1\/2&#8243; el_class=\u00bbhmf nodisplay\u00bb css=\u00bb.vc_custom_1505495141564{background-position: center !important;background-repeat: no-repeat !important;background-size: cover !important;}\u00bb][\/vc_column][\/vc_row]<\/p>\n","protected":false},"excerpt":{"rendered":"<p>[vc_row css_animation=\u00bb\u00bb row_type=\u00bbrow\u00bb use_row_as_full_screen_section=\u00bbno\u00bb type=\u00bbfull_width\u00bb angled_section=\u00bbno\u00bb text_align=\u00bbleft\u00bb background_image_as_pattern=\u00bbwithout_pattern\u00bb background_color=\u00bb#ffffff\u00bb css=\u00bb.vc_custom_1505033206454{background-image: url(http:\/\/www.polyvel-europe.com\/wp-content\/uploads\/2017\/08\/pic10.jpg?id=18982) !important;}\u00bb][vc_column][vc_row_inner row_type=\u00bbrow\u00bb type=\u00bbgrid\u00bb text_align=\u00bbleft\u00bb css_animation=\u00bb\u00bb css=\u00bb.vc_custom_1484929315978{padding-top: 15% !important;padding-bottom: 15% !important;}\u00bb][vc_column_inner][vc_column_text el_class=\u00bbwhite\u00bb] Masterbatches para composici\u00f3n [\/vc_column_text][\/vc_column_inner][\/vc_row_inner][\/vc_column][\/vc_row][vc_row css_animation=\u00bb\u00bb row_type=\u00bbrow\u00bb use_row_as_full_screen_section=\u00bbno\u00bb type=\u00bbgrid\u00bb angled_section=\u00bbno\u00bb text_align=\u00bbleft\u00bb background_image_as_pattern=\u00bbwithout_pattern\u00bb background_color=\u00bb#ffffff\u00bb border_color=\u00bb#eeeeee\u00bb css=\u00bb.vc_custom_1502445296966{padding-top: 5% !important;padding-bottom: 5% !important;}\u00bb][vc_column width=\u00bb1\/2&#8243; el_class=\u00bbhmf\u00bb css=\u00bb.vc_custom_1484649324304{padding-top: 50px !important;padding-bottom:&#8230;<\/p>\n","protected":false},"author":3,"featured_media":0,"parent":0,"menu_order":0,"comment_status":"closed","ping_status":"closed","template":"full_width.php","meta":[],"yoast_head":"<!-- This site is optimized with the Yoast SEO plugin v19.8 - https:\/\/yoast.com\/wordpress\/plugins\/seo\/ -->\n<title>Industrias - Polyvel Europe GmbH<\/title>\n<meta name=\"robots\" content=\"index, follow, max-snippet:-1, max-image-preview:large, max-video-preview:-1\" \/>\n<link rel=\"canonical\" href=\"http:\/\/www.polyvel-europe.com\/es\/industrias\/\" \/>\n<meta property=\"og:locale\" content=\"es_ES\" \/>\n<meta property=\"og:type\" content=\"article\" \/>\n<meta property=\"og:title\" content=\"Industrias - Polyvel Europe GmbH\" \/>\n<meta property=\"og:description\" content=\"[vc_row css_animation=\u00bb\u00bb row_type=\u00bbrow\u00bb use_row_as_full_screen_section=\u00bbno\u00bb type=\u00bbfull_width\u00bb angled_section=\u00bbno\u00bb text_align=\u00bbleft\u00bb background_image_as_pattern=\u00bbwithout_pattern\u00bb background_color=\u00bb#ffffff\u00bb css=\u00bb.vc_custom_1505033206454{background-image: url(http:\/\/www.polyvel-europe.com\/wp-content\/uploads\/2017\/08\/pic10.jpg?id=18982) !important;}\u00bb][vc_column][vc_row_inner row_type=\u00bbrow\u00bb type=\u00bbgrid\u00bb text_align=\u00bbleft\u00bb css_animation=\u00bb\u00bb css=\u00bb.vc_custom_1484929315978{padding-top: 15% !important;padding-bottom: 15% !important;}\u00bb][vc_column_inner][vc_column_text el_class=\u00bbwhite\u00bb] Masterbatches para composici\u00f3n [\/vc_column_text][\/vc_column_inner][\/vc_row_inner][\/vc_column][\/vc_row][vc_row css_animation=\u00bb\u00bb row_type=\u00bbrow\u00bb use_row_as_full_screen_section=\u00bbno\u00bb type=\u00bbgrid\u00bb angled_section=\u00bbno\u00bb text_align=\u00bbleft\u00bb background_image_as_pattern=\u00bbwithout_pattern\u00bb background_color=\u00bb#ffffff\u00bb border_color=\u00bb#eeeeee\u00bb css=\u00bb.vc_custom_1502445296966{padding-top: 5% !important;padding-bottom: 5% !important;}\u00bb][vc_column width=\u00bb1\/2&#8243; el_class=\u00bbhmf\u00bb css=\u00bb.vc_custom_1484649324304{padding-top: 50px !important;padding-bottom:...\" \/>\n<meta property=\"og:url\" content=\"http:\/\/www.polyvel-europe.com\/es\/industrias\/\" \/>\n<meta property=\"og:site_name\" content=\"Polyvel Inc.\" \/>\n<meta property=\"article:modified_time\" content=\"2022-05-20T07:33:23+00:00\" \/>\n<meta name=\"twitter:card\" content=\"summary_large_image\" \/>\n<meta name=\"twitter:label1\" content=\"Tiempo de lectura\" \/>\n\t<meta name=\"twitter:data1\" content=\"5 minutos\" \/>\n<script type=\"application\/ld+json\" class=\"yoast-schema-graph\">{\"@context\":\"https:\/\/schema.org\",\"@graph\":[{\"@type\":\"WebPage\",\"@id\":\"http:\/\/www.polyvel-europe.com\/es\/industrias\/\",\"url\":\"http:\/\/www.polyvel-europe.com\/es\/industrias\/\",\"name\":\"Industrias - Polyvel Europe GmbH\",\"isPartOf\":{\"@id\":\"http:\/\/www.polyvel-europe.com\/#website\"},\"datePublished\":\"2017-08-11T09:40:08+00:00\",\"dateModified\":\"2022-05-20T07:33:23+00:00\",\"breadcrumb\":{\"@id\":\"http:\/\/www.polyvel-europe.com\/es\/industrias\/#breadcrumb\"},\"inLanguage\":\"es\",\"potentialAction\":[{\"@type\":\"ReadAction\",\"target\":[\"http:\/\/www.polyvel-europe.com\/es\/industrias\/\"]}]},{\"@type\":\"BreadcrumbList\",\"@id\":\"http:\/\/www.polyvel-europe.com\/es\/industrias\/#breadcrumb\",\"itemListElement\":[{\"@type\":\"ListItem\",\"position\":1,\"name\":\"Startseite\",\"item\":\"http:\/\/www.polyvel-europe.com\/es\/\"},{\"@type\":\"ListItem\",\"position\":2,\"name\":\"Industrias\"}]},{\"@type\":\"WebSite\",\"@id\":\"http:\/\/www.polyvel-europe.com\/#website\",\"url\":\"http:\/\/www.polyvel-europe.com\/\",\"name\":\"Polyvel Inc.\",\"description\":\"Polyvel Inc.\",\"potentialAction\":[{\"@type\":\"SearchAction\",\"target\":{\"@type\":\"EntryPoint\",\"urlTemplate\":\"http:\/\/www.polyvel-europe.com\/?s={search_term_string}\"},\"query-input\":\"required name=search_term_string\"}],\"inLanguage\":\"es\"}]}<\/script>\n<!-- \/ Yoast SEO plugin. -->","yoast_head_json":{"title":"Industrias - Polyvel Europe GmbH","robots":{"index":"index","follow":"follow","max-snippet":"max-snippet:-1","max-image-preview":"max-image-preview:large","max-video-preview":"max-video-preview:-1"},"canonical":"http:\/\/www.polyvel-europe.com\/es\/industrias\/","og_locale":"es_ES","og_type":"article","og_title":"Industrias - Polyvel Europe GmbH","og_description":"[vc_row css_animation=\u00bb\u00bb row_type=\u00bbrow\u00bb use_row_as_full_screen_section=\u00bbno\u00bb type=\u00bbfull_width\u00bb angled_section=\u00bbno\u00bb text_align=\u00bbleft\u00bb background_image_as_pattern=\u00bbwithout_pattern\u00bb background_color=\u00bb#ffffff\u00bb css=\u00bb.vc_custom_1505033206454{background-image: url(http:\/\/www.polyvel-europe.com\/wp-content\/uploads\/2017\/08\/pic10.jpg?id=18982) !important;}\u00bb][vc_column][vc_row_inner row_type=\u00bbrow\u00bb type=\u00bbgrid\u00bb text_align=\u00bbleft\u00bb css_animation=\u00bb\u00bb css=\u00bb.vc_custom_1484929315978{padding-top: 15% !important;padding-bottom: 15% !important;}\u00bb][vc_column_inner][vc_column_text el_class=\u00bbwhite\u00bb] Masterbatches para composici\u00f3n [\/vc_column_text][\/vc_column_inner][\/vc_row_inner][\/vc_column][\/vc_row][vc_row css_animation=\u00bb\u00bb row_type=\u00bbrow\u00bb use_row_as_full_screen_section=\u00bbno\u00bb type=\u00bbgrid\u00bb angled_section=\u00bbno\u00bb text_align=\u00bbleft\u00bb background_image_as_pattern=\u00bbwithout_pattern\u00bb background_color=\u00bb#ffffff\u00bb border_color=\u00bb#eeeeee\u00bb css=\u00bb.vc_custom_1502445296966{padding-top: 5% !important;padding-bottom: 5% !important;}\u00bb][vc_column width=\u00bb1\/2&#8243; el_class=\u00bbhmf\u00bb css=\u00bb.vc_custom_1484649324304{padding-top: 50px !important;padding-bottom:...","og_url":"http:\/\/www.polyvel-europe.com\/es\/industrias\/","og_site_name":"Polyvel Inc.","article_modified_time":"2022-05-20T07:33:23+00:00","twitter_card":"summary_large_image","twitter_misc":{"Tiempo de lectura":"5 minutos"},"schema":{"@context":"https:\/\/schema.org","@graph":[{"@type":"WebPage","@id":"http:\/\/www.polyvel-europe.com\/es\/industrias\/","url":"http:\/\/www.polyvel-europe.com\/es\/industrias\/","name":"Industrias - Polyvel Europe GmbH","isPartOf":{"@id":"http:\/\/www.polyvel-europe.com\/#website"},"datePublished":"2017-08-11T09:40:08+00:00","dateModified":"2022-05-20T07:33:23+00:00","breadcrumb":{"@id":"http:\/\/www.polyvel-europe.com\/es\/industrias\/#breadcrumb"},"inLanguage":"es","potentialAction":[{"@type":"ReadAction","target":["http:\/\/www.polyvel-europe.com\/es\/industrias\/"]}]},{"@type":"BreadcrumbList","@id":"http:\/\/www.polyvel-europe.com\/es\/industrias\/#breadcrumb","itemListElement":[{"@type":"ListItem","position":1,"name":"Startseite","item":"http:\/\/www.polyvel-europe.com\/es\/"},{"@type":"ListItem","position":2,"name":"Industrias"}]},{"@type":"WebSite","@id":"http:\/\/www.polyvel-europe.com\/#website","url":"http:\/\/www.polyvel-europe.com\/","name":"Polyvel Inc.","description":"Polyvel Inc.","potentialAction":[{"@type":"SearchAction","target":{"@type":"EntryPoint","urlTemplate":"http:\/\/www.polyvel-europe.com\/?s={search_term_string}"},"query-input":"required name=search_term_string"}],"inLanguage":"es"}]}},"_links":{"self":[{"href":"http:\/\/www.polyvel-europe.com\/es\/wp-json\/wp\/v2\/pages\/19228"}],"collection":[{"href":"http:\/\/www.polyvel-europe.com\/es\/wp-json\/wp\/v2\/pages"}],"about":[{"href":"http:\/\/www.polyvel-europe.com\/es\/wp-json\/wp\/v2\/types\/page"}],"author":[{"embeddable":true,"href":"http:\/\/www.polyvel-europe.com\/es\/wp-json\/wp\/v2\/users\/3"}],"replies":[{"embeddable":true,"href":"http:\/\/www.polyvel-europe.com\/es\/wp-json\/wp\/v2\/comments?post=19228"}],"version-history":[{"count":4,"href":"http:\/\/www.polyvel-europe.com\/es\/wp-json\/wp\/v2\/pages\/19228\/revisions"}],"predecessor-version":[{"id":19596,"href":"http:\/\/www.polyvel-europe.com\/es\/wp-json\/wp\/v2\/pages\/19228\/revisions\/19596"}],"wp:attachment":[{"href":"http:\/\/www.polyvel-europe.com\/es\/wp-json\/wp\/v2\/media?parent=19228"}],"curies":[{"name":"wp","href":"https:\/\/api.w.org\/{rel}","templated":true}]}}