{"id":19233,"date":"2014-07-29T09:31:35","date_gmt":"2014-07-29T07:31:35","guid":{"rendered":"http:\/\/www.polyvel-europe.com\/home\/"},"modified":"2021-11-17T15:25:18","modified_gmt":"2021-11-17T14:25:18","slug":"home","status":"publish","type":"page","link":"http:\/\/www.polyvel-europe.com\/es\/","title":{"rendered":"Home"},"content":{"rendered":"<p>[vc_row css_animation=\u00bb\u00bb row_type=\u00bbrow\u00bb use_row_as_full_screen_section=\u00bbno\u00bb type=\u00bbfull_width\u00bb angled_section=\u00bbno\u00bb text_align=\u00bbleft\u00bb background_image_as_pattern=\u00bbwithout_pattern\u00bb background_color=\u00bb#ffffff\u00bb][vc_column]\n\t\t\t<!-- START start es REVOLUTION SLIDER 6.5.31 --><p class=\"rs-p-wp-fix\"><\/p>\n\t\t\t<rs-module-wrap id=\"rev_slider_5_1_wrapper\" data-source=\"gallery\" style=\"visibility:hidden;background:#ffffff;padding:0;margin:0px auto;margin-top:0;margin-bottom:0;\">\n\t\t\t\t<rs-module id=\"rev_slider_5_1\" style=\"\" data-version=\"6.5.31\">\n\t\t\t\t\t<rs-slides>\n\t\t\t\t\t\t<rs-slide style=\"position: absolute;\" data-key=\"rs-26\" data-title=\"Slide\" data-thumb=\"\/\/www.polyvel-europe.com\/wp-content\/uploads\/2022\/11\/Melt-Flow-Modification-100x50.png\" data-duration=\"4999.999694824219\" data-anim=\"adpr:false;\" data-in=\"o:0;\" data-out=\"a:false;\">\n\t\t\t\t\t\t\t<img src=\"\/\/www.polyvel-europe.com\/wp-content\/plugins\/revslider\/public\/assets\/assets\/dummy.png\" alt=\"\" title=\"Melt Flow Modification\" width=\"2084\" height=\"768\" class=\"rev-slidebg tp-rs-img rs-lazyload\" data-lazyload=\"\/\/www.polyvel-europe.com\/wp-content\/uploads\/2022\/11\/Melt-Flow-Modification.png\" data-bg=\"p:center bottom;\" data-parallax=\"2\" data-panzoom=\"d:30000;ss:100;se:120;\" data-no-retina>\n<!--\n\t\t\t\t\t\t\t--><rs-layer\n\t\t\t\t\t\t\t\tid=\"slider-5-slide-26-layer-1\" \n\t\t\t\t\t\t\t\tdata-type=\"text\"\n\t\t\t\t\t\t\t\tdata-color=\"#ffffff\"\n\t\t\t\t\t\t\t\tdata-rsp_ch=\"on\"\n\t\t\t\t\t\t\t\tdata-xy=\"x:19px;y:b;\"\n\t\t\t\t\t\t\t\tdata-text=\"s:27;l:34;a:inherit;\"\n\t\t\t\t\t\t\t\tdata-padding=\"t:10;r:10;b:10;l:10;\"\n\t\t\t\t\t\t\t\tdata-frame_0=\"x:left;o:1;\"\n\t\t\t\t\t\t\t\tdata-frame_1=\"st:9.9432373046875;sp:800;sR:9.9432373046875;\"\n\t\t\t\t\t\t\t\tdata-frame_999=\"o:0;st:w;sR:4190.0564575195;\"\n\t\t\t\t\t\t\t\tstyle=\"z-index:5;background-color:rgba(0,0,0,0.6);font-family:\"PT Sans\";font-weight:400;\"\n\t\t\t\t\t\t\t>PP: Aumentar y controlar con precisi\u00f3n el \u00edndice de flujo de masa fundida<br>PE: Disminuir y controlar con precisi\u00f3n el \u00edndice de flujo de masa fundida (Entrecruzamiento)\n\n \n\t\t\t\t\t\t\t<\/rs-layer><!--\n-->\t\t\t\t\t\t<\/rs-slide>\n\t\t\t\t\t\t<rs-slide style=\"position: absolute;\" data-key=\"rs-18\" data-title=\"Slide\" data-thumb=\"\/\/www.polyvel-europe.com\/wp-content\/uploads\/2022\/11\/Antifog-100x50.png\" data-duration=\"4999\" data-anim=\"adpr:false;\" data-in=\"o:0;\" data-out=\"a:false;\">\n\t\t\t\t\t\t\t<img src=\"\/\/www.polyvel-europe.com\/wp-content\/plugins\/revslider\/public\/assets\/assets\/dummy.png\" alt=\"\" title=\"Antifog\" width=\"2084\" height=\"768\" class=\"rev-slidebg tp-rs-img rs-lazyload\" data-lazyload=\"\/\/www.polyvel-europe.com\/wp-content\/uploads\/2022\/11\/Antifog.png\" data-parallax=\"2\" data-panzoom=\"d:30000;ss:100;se:120;\" data-no-retina>\n<!--\n\t\t\t\t\t\t\t--><rs-layer\n\t\t\t\t\t\t\t\tid=\"slider-5-slide-18-layer-1\" \n\t\t\t\t\t\t\t\tdata-type=\"text\"\n\t\t\t\t\t\t\t\tdata-color=\"#ffffff\"\n\t\t\t\t\t\t\t\tdata-rsp_ch=\"on\"\n\t\t\t\t\t\t\t\tdata-xy=\"x:25px;y:b;yo:-1px;\"\n\t\t\t\t\t\t\t\tdata-text=\"s:27;l:34;a:inherit;\"\n\t\t\t\t\t\t\t\tdata-padding=\"t:10;r:10;b:10;l:10;\"\n\t\t\t\t\t\t\t\tdata-frame_0=\"x:left;o:1;\"\n\t\t\t\t\t\t\t\tdata-frame_1=\"st:9.9432373046875;sp:800;sR:9.9432373046875;\"\n\t\t\t\t\t\t\t\tdata-frame_999=\"o:0;st:4998.8638305664;sR:4188.9205932617;\"\n\t\t\t\t\t\t\t\tstyle=\"z-index:5;background-color:rgba(0,0,0,0.7);font-family:\"PT Sans\";font-weight:400;\"\n\t\t\t\t\t\t\t>Concentrados de aditivos antiempa\u00f1antes altamente eficaces para evitar la condensaci\u00f3n <br>(por ejemplo, en envases de alimentos)\n \n\t\t\t\t\t\t\t<\/rs-layer><!--\n-->\t\t\t\t\t\t<\/rs-slide>\n\t\t\t\t\t\t<rs-slide style=\"position: absolute;\" data-key=\"rs-19\" data-title=\"Slide\" data-thumb=\"\/\/www.polyvel-europe.com\/wp-content\/uploads\/2017\/07\/buehne02-100x50.jpg\" data-duration=\"5009.999694824219\" data-anim=\"adpr:false;\" data-in=\"o:0;\" data-out=\"a:false;\">\n\t\t\t\t\t\t\t<img src=\"\/\/www.polyvel-europe.com\/wp-content\/plugins\/revslider\/public\/assets\/assets\/dummy.png\" alt=\"\" title=\"Home\" class=\"rev-slidebg tp-rs-img rs-lazyload\" data-lazyload=\"\/\/www.polyvel-europe.com\/wp-content\/uploads\/2017\/07\/buehne02.jpg\" data-bg=\"p:center bottom;\" data-parallax=\"2\" data-panzoom=\"d:30000;ss:100;se:120;\" data-no-retina>\n<!--\n\t\t\t\t\t\t\t--><rs-layer\n\t\t\t\t\t\t\t\tid=\"slider-5-slide-19-layer-1\" \n\t\t\t\t\t\t\t\tdata-type=\"text\"\n\t\t\t\t\t\t\t\tdata-color=\"#ffffff\"\n\t\t\t\t\t\t\t\tdata-rsp_ch=\"on\"\n\t\t\t\t\t\t\t\tdata-xy=\"x:19px;y:b;\"\n\t\t\t\t\t\t\t\tdata-text=\"s:27;l:34;a:inherit;\"\n\t\t\t\t\t\t\t\tdata-padding=\"t:10;r:10;b:10;l:10;\"\n\t\t\t\t\t\t\t\tdata-frame_0=\"x:left;o:1;\"\n\t\t\t\t\t\t\t\tdata-frame_1=\"st:9.9432373046875;sp:800;sR:9.9432373046875;\"\n\t\t\t\t\t\t\t\tdata-frame_999=\"o:0;st:w;sR:4199.9996948242;\"\n\t\t\t\t\t\t\t\tstyle=\"z-index:5;background-color:rgba(0,0,0,0.6);font-family:\"PT Sans\";font-weight:400;\"\n\t\t\t\t\t\t\t>Para mejorar las propiedades del material (deslizamiento)<br> usando estearatos met\u00e1licos, silicona, disulfuro de molibdeno <br>y otros tensioactivos\n\n \n\t\t\t\t\t\t\t<\/rs-layer><!--\n-->\t\t\t\t\t\t<\/rs-slide>\n\t\t\t\t\t<\/rs-slides>\n\t\t\t\t<\/rs-module>\n\t\t\t\t<script>\n\t\t\t\t\tsetREVStartSize({c: 'rev_slider_5_1',rl:[1240,1024,778,480],el:[520],gw:[1300],gh:[520],type:'standard',justify:'',layout:'fullwidth',mh:\"0\"});if (window.RS_MODULES!==undefined && window.RS_MODULES.modules!==undefined && window.RS_MODULES.modules[\"revslider51\"]!==undefined) {window.RS_MODULES.modules[\"revslider51\"].once = false;window.revapi5 = undefined;if (window.RS_MODULES.checkMinimal!==undefined) window.RS_MODULES.checkMinimal()}\n\t\t\t\t<\/script>\n\t\t\t<\/rs-module-wrap>\n\t\t\t<!-- END REVOLUTION SLIDER -->\n[\/vc_column][\/vc_row][vc_row css_animation=\u00bb\u00bb row_type=\u00bbrow\u00bb use_row_as_full_screen_section=\u00bbno\u00bb type=\u00bbgrid\u00bb angled_section=\u00bbno\u00bb text_align=\u00bbcenter\u00bb background_image_as_pattern=\u00bbwithout_pattern\u00bb background_color=\u00bb#ffffff\u00bb css=\u00bb.vc_custom_1501488882572{padding-top: 20px !important;padding-bottom: 10px !important;background-color: #f2f2f2 !important;}\u00bb][vc_column][vc_empty_space height=\u00bb42px\u00bb][vc_row_inner row_type=\u00bbrow\u00bb type=\u00bbgrid\u00bb text_align=\u00bbcenter\u00bb css_animation=\u00bb\u00bb el_class=\u00bbextraimg\u00bb][vc_column_inner][vc_column_text]<\/p>\n<h2 style=\"text-align: center;\">Additiv- Masterbatches<\/h2>\n<h3 style=\"text-align: center;\">Funcionalmente optimizado para la industria del pl\u00e1stico<\/h3>\n<p>[\/vc_column_text][\/vc_column_inner][\/vc_row_inner][vc_empty_space][vc_row_inner row_type=\u00bbrow\u00bb type=\u00bbfull_width\u00bb text_align=\u00bbleft\u00bb css_animation=\u00bb\u00bb][vc_column_inner width=\u00bb1\/3&#8243;][vc_single_image image=\u00bb18931&#8243; img_size=\u00bbfull\u00bb qode_css_animation=\u00bb\u00bb][vc_empty_space height=\u00bb10px\u00bb][\/vc_column_inner][vc_column_inner width=\u00bb1\/3&#8243;][vc_single_image image=\u00bb18936&#8243; img_size=\u00bbfull\u00bb qode_css_animation=\u00bb\u00bb][vc_empty_space height=\u00bb10px\u00bb][\/vc_column_inner][vc_column_inner width=\u00bb1\/3&#8243;][vc_single_image image=\u00bb18937&#8243; img_size=\u00bbfull\u00bb qode_css_animation=\u00bb\u00bb][vc_empty_space height=\u00bb10px\u00bb][\/vc_column_inner][\/vc_row_inner][vc_empty_space height=\u00bb22px\u00bb][vc_column_text]<\/p>\n<p style=\"text-align: center;\">Durante m\u00e1s de 30 a\u00f1os, Polyvel ha estado desarrollando y fabricando masterbatches aditivos para adaptar los pl\u00e1sticos exactamente a las necesidades del cliente. Nuestros masterbatches aditivos se utilizan en extrusi\u00f3n de pel\u00edcula, no tejidos y extrusi\u00f3n de fibra, (re) composici\u00f3n y moldeo por inyecci\u00f3n. Nuestros productos optimizan las propiedades de los diferentes pl\u00e1sticos, as\u00ed como los procesos de procesamiento.<\/p>\n<h5 style=\"text-align: center;\">Nuestra experiencia es transformar productos qu\u00edmicos dif\u00edciles en granulado<\/h5>\n<p>[\/vc_column_text][vc_empty_space]<a  itemprop=\"url\" href=\"mailto:info@polyvel-europe.com\" target=\"_self\" data-hover-background-color='#0089d0' data-hover-border-color='#0089d0' data-hover-color='#ffffff' class=\"qbutton  large default\" style=\"color: #0089d0; border-color: #0089d0; background-color: #f2f2f2;\">Contacta ahora<\/a>[vc_empty_space height=\u00bb52px\u00bb][\/vc_column][\/vc_row][vc_row css_animation=\u00bb\u00bb row_type=\u00bbrow\u00bb use_row_as_full_screen_section=\u00bbno\u00bb type=\u00bbfull_width\u00bb angled_section=\u00bbno\u00bb text_align=\u00bbleft\u00bb background_image_as_pattern=\u00bbwithout_pattern\u00bb el_class=\u00bbhighmaker\u00bb][vc_column width=\u00bb1\/2&#8243; css=\u00bb.vc_custom_1502864792652{background-image: url(http:\/\/www.polyvel-europe.com\/wp-content\/uploads\/2014\/07\/pic01.jpg?id=18929) !important;background-position: center !important;background-repeat: no-repeat !important;background-size: cover !important;}\u00bb el_class=\u00bbhmf\u00bb][\/vc_column][vc_column width=\u00bb1\/2&#8243; el_class=\u00bbhmf nopadding\u00bb css=\u00bb.vc_custom_1505495257220{padding-top: 100px !important;padding-right: 100px !important;padding-bottom: 100px !important;padding-left: 100px !important;}\u00bb][vc_column_text]<\/p>\n<h2>Polyvel Europe es sin\u00f3nimo de calidad!<\/h2>\n<p>[\/vc_column_text][vc_empty_space height=\u00bb25px\u00bb][vc_column_text]<\/p>\n<ul>\n<li>Ablandamos perfectamente los materiales no tejidos<\/li>\n<li>hacemos filtros (de pl\u00e1stico) absorbentes<\/li>\n<li>hacemos fr\u00e1gil pl\u00e1stico flexible<\/li>\n<li>hacemos de viejos envases nuevos pl\u00e1sticos<\/li>\n<li>hacemos pl\u00e1stico resistente al desgaste<\/li>\n<li>\u00a1y mucho m\u00e1s!<\/li>\n<\/ul>\n<p>[\/vc_column_text][vc_empty_space height=\u00bb15px\u00bb]<a  itemprop=\"url\" href=\"mailto:info@polyvel-europe.com\" target=\"_self\" data-hover-background-color='#0089d0' data-hover-border-color='#0089d0' data-hover-color='#ffffff' class=\"qbutton  large default\" style=\"color: #0089d0; border-color: #0089d0; background-color: #ffffff;\">Obtener m\u00e1s informaci\u00f3n<\/a>[vc_empty_space height=\u00bb25px\u00bb][\/vc_column][\/vc_row][vc_row css_animation=\u00bb\u00bb row_type=\u00bbrow\u00bb use_row_as_full_screen_section=\u00bbno\u00bb type=\u00bbgrid\u00bb angled_section=\u00bbno\u00bb text_align=\u00bbleft\u00bb background_image_as_pattern=\u00bbwithout_pattern\u00bb css=\u00bb.vc_custom_1501484115808{padding-top: 80px !important;padding-bottom: 60px !important;background-color: #f2f2f2 !important;}\u00bb][vc_column width=\u00bb1\/2&#8243;][vc_column_text]<\/p>\n<h2>POLYVEL Europe GmbH<\/h2>\n<p>[\/vc_column_text][vc_empty_space height=\u00bb22px\u00bb][vc_column_text]<strong>Tu persona de contacto para espa\u00f1a<br \/>\n<\/strong>PLASTIC AGENTS, S.L.<br \/>\nC\/ Bisbe Soler, 15<br \/>\n46015 Valencia<br \/>\nTel\u00e9fono +34 961 079 704<br \/>\n<a href=\"mailto:info@plasticagents.com\">info@plasticagents.com<\/a><br \/>\n<a href=\"http:\/\/www.plasticagents.com\">www.plasticagents.com<\/a><\/p>\n<p><strong>Direcci\u00f3n<br \/>\n<\/strong>Ostfeld 21 A<br \/>\n21635 Jork<br \/>\nVat.-id.-nr.:\u00a0DE 287800067<br \/>\nTel\u00e9fono +49\u00a0(0) 4162 9133466<br \/>\n<a href=\"mailto:info@polyvel-europe.com\">info@polyvel-europe.com<\/a><br \/>\n<a href=\"http:\/\/www.polyvel-europe.com\">www.polyvel-europe.com<\/a>[\/vc_column_text][vc_empty_space height=\u00bb22px\u00bb][vc_column_text]<\/p>\n<h2>POLYVEL Inc.<\/h2>\n<p>[\/vc_column_text][vc_empty_space height=\u00bb22px\u00bb][vc_column_text]<a href=\"http:\/\/www.polyvel.com\" target=\"_blank\" rel=\"noopener\">www.polyvel.com<\/a>[\/vc_column_text][\/vc_column][vc_column width=\u00bb1\/2&#8243;]<div role=\"form\" class=\"wpcf7\" id=\"wpcf7-f19232-o1\" lang=\"de-DE\" dir=\"ltr\">\n<div class=\"screen-reader-response\"><p role=\"status\" aria-live=\"polite\" aria-atomic=\"true\"><\/p> <ul><\/ul><\/div>\n<form action=\"\/es\/wp-json\/wp\/v2\/pages\/19233#wpcf7-f19232-o1\" method=\"post\" class=\"wpcf7-form init cf7_custom_style_1\" novalidate=\"novalidate\" data-status=\"init\">\n<div style=\"display: none;\">\n<input type=\"hidden\" name=\"_wpcf7\" value=\"19232\" \/>\n<input type=\"hidden\" name=\"_wpcf7_version\" value=\"5.6.3\" \/>\n<input type=\"hidden\" name=\"_wpcf7_locale\" value=\"de_DE\" \/>\n<input type=\"hidden\" name=\"_wpcf7_unit_tag\" value=\"wpcf7-f19232-o1\" \/>\n<input type=\"hidden\" name=\"_wpcf7_container_post\" value=\"0\" \/>\n<input type=\"hidden\" name=\"_wpcf7_posted_data_hash\" value=\"\" \/>\n<\/div>\n<fieldset>\n<div><span class=\"wpcf7-form-control-wrap\" data-name=\"your-name\"><input type=\"text\" name=\"your-name\" value=\"\" size=\"40\" class=\"wpcf7-form-control wpcf7-text wpcf7-validates-as-required\" aria-required=\"true\" aria-invalid=\"false\" placeholder=\"Tu nombre *\" \/><\/span> <\/div>\n<div><span class=\"wpcf7-form-control-wrap\" data-name=\"your-email\"><input type=\"text\" name=\"your-email\" value=\"\" size=\"40\" class=\"wpcf7-form-control wpcf7-text wpcf7-validates-as-required\" aria-required=\"true\" aria-invalid=\"false\" placeholder=\"Direcci\u00f3n de correo electr\u00f3nico *\" \/><\/span> <\/div>\n<div><span class=\"wpcf7-form-control-wrap\" data-name=\"your-telefon\"><input type=\"text\" name=\"your-telefon\" value=\"\" size=\"40\" class=\"wpcf7-form-control wpcf7-text wpcf7-validates-as-required\" aria-required=\"true\" aria-invalid=\"false\" placeholder=\"Tel\u00e9fono *\" \/><\/span> <\/div>\n<div><span class=\"wpcf7-form-control-wrap\" data-name=\"your-message\"><textarea name=\"your-message\" cols=\"40\" rows=\"10\" class=\"wpcf7-form-control wpcf7-textarea\" aria-invalid=\"false\" placeholder=\"Mensaje\"><\/textarea><\/span><\/div>\n<p>  <span id=\"wpcf7-69e7444e6eb4d-wrapper\" class=\"wpcf7-form-control-wrap honeypot-217-wrap\" style=\"display:none !important; visibility:hidden !important;\"><label for=\"wpcf7-69e7444e6eb4d-field\" class=\"hp-message\">Por favor, deja este campo vac\u00edo.<\/label><input id=\"wpcf7-69e7444e6eb4d-field\"  class=\"wpcf7-form-control wpcf7-text\" type=\"text\" name=\"honeypot-217\" value=\"\" size=\"40\" tabindex=\"-1\" autocomplete=\"new-password\" \/><\/span><\/p>\n<div class=\"captcha\">Pregunta de Seguridad <input type=\"hidden\" name=\"_wpcf7_captcha_challenge_captcha-170\" value=\"1201141426\" \/><img class=\"wpcf7-form-control wpcf7-captchac wpcf7-captcha-captcha-170\" width=\"72\" height=\"24\" alt=\"captcha\" src=\"http:\/\/www.polyvel-europe.com\/wp-content\/uploads\/wpcf7_captcha\/1201141426.png\" \/> <span class=\"wpcf7-form-control-wrap\" data-name=\"captcha-170\"><input type=\"text\" name=\"captcha-170\" value=\"\" size=\"4\" maxlength=\"4\" class=\"wpcf7-form-control wpcf7-captchar\" autocomplete=\"off\" aria-invalid=\"false\" \/><\/span><\/div>\n<div><input type=\"submit\" value=\"Enviar mensaje\" class=\"wpcf7-form-control has-spinner wpcf7-submit\" \/><\/div>\n<\/fieldset>\n<div class=\"wpcf7-response-output\" aria-hidden=\"true\"><\/div><\/form><\/div>[\/vc_column][\/vc_row]<\/p>\n","protected":false},"excerpt":{"rendered":"<p>[vc_row css_animation=\u00bb\u00bb row_type=\u00bbrow\u00bb use_row_as_full_screen_section=\u00bbno\u00bb type=\u00bbfull_width\u00bb angled_section=\u00bbno\u00bb text_align=\u00bbleft\u00bb background_image_as_pattern=\u00bbwithout_pattern\u00bb background_color=\u00bb#ffffff\u00bb][vc_column][\/vc_column][\/vc_row][vc_row css_animation=\u00bb\u00bb row_type=\u00bbrow\u00bb use_row_as_full_screen_section=\u00bbno\u00bb type=\u00bbgrid\u00bb angled_section=\u00bbno\u00bb text_align=\u00bbcenter\u00bb background_image_as_pattern=\u00bbwithout_pattern\u00bb background_color=\u00bb#ffffff\u00bb css=\u00bb.vc_custom_1501488882572{padding-top: 20px !important;padding-bottom: 10px !important;background-color: #f2f2f2 !important;}\u00bb][vc_column][vc_empty_space height=\u00bb42px\u00bb][vc_row_inner row_type=\u00bbrow\u00bb type=\u00bbgrid\u00bb text_align=\u00bbcenter\u00bb css_animation=\u00bb\u00bb el_class=\u00bbextraimg\u00bb][vc_column_inner][vc_column_text] Additiv- Masterbatches Funcionalmente optimizado para la industria del pl\u00e1stico [\/vc_column_text][\/vc_column_inner][\/vc_row_inner][vc_empty_space][vc_row_inner row_type=\u00bbrow\u00bb type=\u00bbfull_width\u00bb text_align=\u00bbleft\u00bb css_animation=\u00bb\u00bb][vc_column_inner width=\u00bb1\/3&#8243;][vc_single_image&#8230;<\/p>\n","protected":false},"author":3,"featured_media":0,"parent":0,"menu_order":0,"comment_status":"closed","ping_status":"closed","template":"full_width.php","meta":[],"yoast_head":"<!-- This site is optimized with the Yoast SEO plugin v19.8 - https:\/\/yoast.com\/wordpress\/plugins\/seo\/ -->\n<title>Home - Polyvel Europe GmbH<\/title>\n<meta name=\"description\" content=\"ADDITIV MASTERBATCHES-Funcionalmente optimizado para la industria del pl\u00e1stico.Nuestra experiencia es transformar productos qu\u00edmicos dif\u00edciles en granulado.\" \/>\n<meta name=\"robots\" content=\"index, follow, max-snippet:-1, max-image-preview:large, max-video-preview:-1\" \/>\n<link rel=\"canonical\" href=\"http:\/\/www.polyvel-europe.com\/es\/\" \/>\n<meta property=\"og:locale\" content=\"es_ES\" \/>\n<meta property=\"og:type\" content=\"article\" \/>\n<meta property=\"og:title\" content=\"Home - Polyvel Europe GmbH\" \/>\n<meta property=\"og:description\" content=\"ADDITIV MASTERBATCHES-Funcionalmente optimizado para la industria del pl\u00e1stico.Nuestra experiencia es transformar productos qu\u00edmicos dif\u00edciles en granulado.\" \/>\n<meta property=\"og:url\" content=\"http:\/\/www.polyvel-europe.com\/es\/\" \/>\n<meta property=\"og:site_name\" content=\"Polyvel Inc.\" \/>\n<meta property=\"article:modified_time\" content=\"2021-11-17T14:25:18+00:00\" \/>\n<meta name=\"twitter:card\" content=\"summary_large_image\" \/>\n<meta name=\"twitter:label1\" content=\"Tiempo de lectura\" \/>\n\t<meta name=\"twitter:data1\" content=\"2 minutos\" \/>\n<script type=\"application\/ld+json\" class=\"yoast-schema-graph\">{\"@context\":\"https:\/\/schema.org\",\"@graph\":[{\"@type\":\"WebPage\",\"@id\":\"http:\/\/www.polyvel-europe.com\/es\/\",\"url\":\"http:\/\/www.polyvel-europe.com\/es\/\",\"name\":\"Home - Polyvel Europe GmbH\",\"isPartOf\":{\"@id\":\"http:\/\/www.polyvel-europe.com\/#website\"},\"datePublished\":\"2014-07-29T07:31:35+00:00\",\"dateModified\":\"2021-11-17T14:25:18+00:00\",\"description\":\"ADDITIV MASTERBATCHES-Funcionalmente optimizado para la industria del pl\u00e1stico.Nuestra experiencia es transformar productos qu\u00edmicos dif\u00edciles en granulado.\",\"breadcrumb\":{\"@id\":\"http:\/\/www.polyvel-europe.com\/es\/#breadcrumb\"},\"inLanguage\":\"es\",\"potentialAction\":[{\"@type\":\"ReadAction\",\"target\":[\"http:\/\/www.polyvel-europe.com\/es\/\"]}]},{\"@type\":\"BreadcrumbList\",\"@id\":\"http:\/\/www.polyvel-europe.com\/es\/#breadcrumb\",\"itemListElement\":[{\"@type\":\"ListItem\",\"position\":1,\"name\":\"Startseite\",\"item\":\"http:\/\/www.polyvel-europe.com\/es\/\"},{\"@type\":\"ListItem\",\"position\":2,\"name\":\"Home\"}]},{\"@type\":\"WebSite\",\"@id\":\"http:\/\/www.polyvel-europe.com\/#website\",\"url\":\"http:\/\/www.polyvel-europe.com\/\",\"name\":\"Polyvel Inc.\",\"description\":\"Polyvel Inc.\",\"potentialAction\":[{\"@type\":\"SearchAction\",\"target\":{\"@type\":\"EntryPoint\",\"urlTemplate\":\"http:\/\/www.polyvel-europe.com\/?s={search_term_string}\"},\"query-input\":\"required name=search_term_string\"}],\"inLanguage\":\"es\"}]}<\/script>\n<!-- \/ Yoast SEO plugin. -->","yoast_head_json":{"title":"Home - Polyvel Europe GmbH","description":"ADDITIV MASTERBATCHES-Funcionalmente optimizado para la industria del pl\u00e1stico.Nuestra experiencia es transformar productos qu\u00edmicos dif\u00edciles en granulado.","robots":{"index":"index","follow":"follow","max-snippet":"max-snippet:-1","max-image-preview":"max-image-preview:large","max-video-preview":"max-video-preview:-1"},"canonical":"http:\/\/www.polyvel-europe.com\/es\/","og_locale":"es_ES","og_type":"article","og_title":"Home - Polyvel Europe GmbH","og_description":"ADDITIV MASTERBATCHES-Funcionalmente optimizado para la industria del pl\u00e1stico.Nuestra experiencia es transformar productos qu\u00edmicos dif\u00edciles en granulado.","og_url":"http:\/\/www.polyvel-europe.com\/es\/","og_site_name":"Polyvel Inc.","article_modified_time":"2021-11-17T14:25:18+00:00","twitter_card":"summary_large_image","twitter_misc":{"Tiempo de lectura":"2 minutos"},"schema":{"@context":"https:\/\/schema.org","@graph":[{"@type":"WebPage","@id":"http:\/\/www.polyvel-europe.com\/es\/","url":"http:\/\/www.polyvel-europe.com\/es\/","name":"Home - Polyvel Europe GmbH","isPartOf":{"@id":"http:\/\/www.polyvel-europe.com\/#website"},"datePublished":"2014-07-29T07:31:35+00:00","dateModified":"2021-11-17T14:25:18+00:00","description":"ADDITIV MASTERBATCHES-Funcionalmente optimizado para la industria del pl\u00e1stico.Nuestra experiencia es transformar productos qu\u00edmicos dif\u00edciles en granulado.","breadcrumb":{"@id":"http:\/\/www.polyvel-europe.com\/es\/#breadcrumb"},"inLanguage":"es","potentialAction":[{"@type":"ReadAction","target":["http:\/\/www.polyvel-europe.com\/es\/"]}]},{"@type":"BreadcrumbList","@id":"http:\/\/www.polyvel-europe.com\/es\/#breadcrumb","itemListElement":[{"@type":"ListItem","position":1,"name":"Startseite","item":"http:\/\/www.polyvel-europe.com\/es\/"},{"@type":"ListItem","position":2,"name":"Home"}]},{"@type":"WebSite","@id":"http:\/\/www.polyvel-europe.com\/#website","url":"http:\/\/www.polyvel-europe.com\/","name":"Polyvel Inc.","description":"Polyvel Inc.","potentialAction":[{"@type":"SearchAction","target":{"@type":"EntryPoint","urlTemplate":"http:\/\/www.polyvel-europe.com\/?s={search_term_string}"},"query-input":"required name=search_term_string"}],"inLanguage":"es"}]}},"_links":{"self":[{"href":"http:\/\/www.polyvel-europe.com\/es\/wp-json\/wp\/v2\/pages\/19233"}],"collection":[{"href":"http:\/\/www.polyvel-europe.com\/es\/wp-json\/wp\/v2\/pages"}],"about":[{"href":"http:\/\/www.polyvel-europe.com\/es\/wp-json\/wp\/v2\/types\/page"}],"author":[{"embeddable":true,"href":"http:\/\/www.polyvel-europe.com\/es\/wp-json\/wp\/v2\/users\/3"}],"replies":[{"embeddable":true,"href":"http:\/\/www.polyvel-europe.com\/es\/wp-json\/wp\/v2\/comments?post=19233"}],"version-history":[{"count":5,"href":"http:\/\/www.polyvel-europe.com\/es\/wp-json\/wp\/v2\/pages\/19233\/revisions"}],"predecessor-version":[{"id":19582,"href":"http:\/\/www.polyvel-europe.com\/es\/wp-json\/wp\/v2\/pages\/19233\/revisions\/19582"}],"wp:attachment":[{"href":"http:\/\/www.polyvel-europe.com\/es\/wp-json\/wp\/v2\/media?parent=19233"}],"curies":[{"name":"wp","href":"https:\/\/api.w.org\/{rel}","templated":true}]}}