{"id":19239,"date":"2017-08-11T11:31:52","date_gmt":"2017-08-11T09:31:52","guid":{"rendered":"http:\/\/www.polyvel-europe.com\/kontakt\/"},"modified":"2021-11-17T15:26:34","modified_gmt":"2021-11-17T14:26:34","slug":"contacto","status":"publish","type":"page","link":"http:\/\/www.polyvel-europe.com\/es\/contacto\/","title":{"rendered":"Contacto"},"content":{"rendered":"<p>[vc_row css_animation=\u00bb\u00bb row_type=\u00bbrow\u00bb use_row_as_full_screen_section=\u00bbno\u00bb type=\u00bbgrid\u00bb angled_section=\u00bbno\u00bb text_align=\u00bbleft\u00bb background_image_as_pattern=\u00bbwithout_pattern\u00bb css=\u00bb.vc_custom_1501484115808{padding-top: 80px !important;padding-bottom: 60px !important;background-color: #f2f2f2 !important;}\u00bb][vc_column width=\u00bb1\/2&#8243;][vc_column_text]<\/p>\n<h2>POLYVEL Europe GmbH<\/h2>\n<p>[\/vc_column_text][vc_empty_space height=\u00bb22px\u00bb][vc_column_text]<strong>Tu persona de contacto para espa\u00f1a<br \/>\n<\/strong>PLASTIC AGENTS, S.L.<br \/>\nC\/ Bisbe Soler, 15<br \/>\n46015 Valencia<br \/>\nTel\u00e9fono +34 961 079 704<br \/>\n<a href=\"mailto:info@plasticagents.com\">info@plasticagents.com<\/a><br \/>\n<a href=\"http:\/\/www.plasticagents.com\">www.plasticagents.com<\/a><\/p>\n<p><strong>Direcci\u00f3n<br \/>\n<\/strong>Ostfeld 21 A<br \/>\n21635 Jork<br \/>\nVat.-id.-nr.:\u00a0DE 287800067<br \/>\nTel\u00e9fono +49\u00a0(0) 4162 9133466<br \/>\n<a href=\"mailto:info@polyvel-europe.com\">info@polyvel-europe.com<\/a><br \/>\n<a href=\"http:\/\/www.polyvel-europe.com\">www.polyvel-europe.com<\/a>[\/vc_column_text][\/vc_column][vc_column width=\u00bb1\/2&#8243;]<div role=\"form\" class=\"wpcf7\" id=\"wpcf7-f19232-o1\" lang=\"de-DE\" dir=\"ltr\">\n<div class=\"screen-reader-response\"><p role=\"status\" aria-live=\"polite\" aria-atomic=\"true\"><\/p> <ul><\/ul><\/div>\n<form action=\"\/es\/wp-json\/wp\/v2\/pages\/19239#wpcf7-f19232-o1\" method=\"post\" class=\"wpcf7-form init cf7_custom_style_1\" novalidate=\"novalidate\" data-status=\"init\">\n<div style=\"display: none;\">\n<input type=\"hidden\" name=\"_wpcf7\" value=\"19232\" \/>\n<input type=\"hidden\" name=\"_wpcf7_version\" value=\"5.6.3\" \/>\n<input type=\"hidden\" name=\"_wpcf7_locale\" value=\"de_DE\" \/>\n<input type=\"hidden\" name=\"_wpcf7_unit_tag\" value=\"wpcf7-f19232-o1\" \/>\n<input type=\"hidden\" name=\"_wpcf7_container_post\" value=\"0\" \/>\n<input type=\"hidden\" name=\"_wpcf7_posted_data_hash\" value=\"\" \/>\n<\/div>\n<fieldset>\n<div><span class=\"wpcf7-form-control-wrap\" data-name=\"your-name\"><input type=\"text\" name=\"your-name\" value=\"\" size=\"40\" class=\"wpcf7-form-control wpcf7-text wpcf7-validates-as-required\" aria-required=\"true\" aria-invalid=\"false\" placeholder=\"Tu nombre *\" \/><\/span> <\/div>\n<div><span class=\"wpcf7-form-control-wrap\" data-name=\"your-email\"><input type=\"text\" name=\"your-email\" value=\"\" size=\"40\" class=\"wpcf7-form-control wpcf7-text wpcf7-validates-as-required\" aria-required=\"true\" aria-invalid=\"false\" placeholder=\"Direcci\u00f3n de correo electr\u00f3nico *\" \/><\/span> <\/div>\n<div><span class=\"wpcf7-form-control-wrap\" data-name=\"your-telefon\"><input type=\"text\" name=\"your-telefon\" value=\"\" size=\"40\" class=\"wpcf7-form-control wpcf7-text wpcf7-validates-as-required\" aria-required=\"true\" aria-invalid=\"false\" placeholder=\"Tel\u00e9fono *\" \/><\/span> <\/div>\n<div><span class=\"wpcf7-form-control-wrap\" data-name=\"your-message\"><textarea name=\"your-message\" cols=\"40\" rows=\"10\" class=\"wpcf7-form-control wpcf7-textarea\" aria-invalid=\"false\" placeholder=\"Mensaje\"><\/textarea><\/span><\/div>\n<p>  <span id=\"wpcf7-6a06f3df4f866-wrapper\" class=\"wpcf7-form-control-wrap honeypot-217-wrap\" style=\"display:none !important; visibility:hidden !important;\"><label for=\"wpcf7-6a06f3df4f866-field\" class=\"hp-message\">Por favor, deja este campo vac\u00edo.<\/label><input id=\"wpcf7-6a06f3df4f866-field\"  class=\"wpcf7-form-control wpcf7-text\" type=\"text\" name=\"honeypot-217\" value=\"\" size=\"40\" tabindex=\"-1\" autocomplete=\"new-password\" \/><\/span><\/p>\n<div class=\"captcha\">Pregunta de Seguridad <input type=\"hidden\" name=\"_wpcf7_captcha_challenge_captcha-170\" value=\"3997923234\" \/><img class=\"wpcf7-form-control wpcf7-captchac wpcf7-captcha-captcha-170\" width=\"72\" height=\"24\" alt=\"captcha\" src=\"http:\/\/www.polyvel-europe.com\/wp-content\/uploads\/wpcf7_captcha\/3997923234.png\" \/> <span class=\"wpcf7-form-control-wrap\" data-name=\"captcha-170\"><input type=\"text\" name=\"captcha-170\" value=\"\" size=\"4\" maxlength=\"4\" class=\"wpcf7-form-control wpcf7-captchar\" autocomplete=\"off\" aria-invalid=\"false\" \/><\/span><\/div>\n<div><input type=\"submit\" value=\"Enviar mensaje\" class=\"wpcf7-form-control has-spinner wpcf7-submit\" \/><\/div>\n<\/fieldset>\n<div class=\"wpcf7-response-output\" aria-hidden=\"true\"><\/div><\/form><\/div>[\/vc_column][\/vc_row][vc_row css_animation=\u00bb\u00bb row_type=\u00bbrow\u00bb use_row_as_full_screen_section=\u00bbno\u00bb type=\u00bbfull_width\u00bb angled_section=\u00bbno\u00bb text_align=\u00bbleft\u00bb background_image_as_pattern=\u00bbwithout_pattern\u00bb el_class=\u00bbhighmaker\u00bb][vc_column width=\u00bb1\/2&#8243; css=\u00bb.vc_custom_1505033472910{background-image: url(http:\/\/www.polyvel-europe.com\/wp-content\/uploads\/2014\/07\/pic02.jpg?id=18930) !important;background-position: center !important;background-repeat: no-repeat !important;background-size: cover !important;}\u00bb el_class=\u00bbhmf\u00bb][\/vc_column][vc_column width=\u00bb1\/2&#8243; el_class=\u00bbhmf\u00bb css=\u00bb.vc_custom_1501483956433{padding-top: 100px !important;padding-right: 100px !important;padding-bottom: 100px !important;padding-left: 100px !important;}\u00bb][vc_column_text]<\/p>\n<h2>Polyvel Europa es sin\u00f3nimo de Calidad<\/h2>\n<p>[\/vc_column_text][vc_empty_space height=\u00bb25px\u00bb][vc_column_text]<strong>Nuestros productos son la clave para soluciones que se salen de la norma!<\/strong><\/p>\n<p>A menudo apoyamos a nuestros socios de larga duraci\u00f3n y nuevos clientes a lo largo de todo el proceso &#8211; desde la nueva idea de producto hasta el dise\u00f1o y prototipado hasta el material de producci\u00f3n final.[\/vc_column_text][vc_empty_space height=\u00bb15px\u00bb][\/vc_column][\/vc_row]<\/p>\n","protected":false},"excerpt":{"rendered":"<p>[vc_row css_animation=\u00bb\u00bb row_type=\u00bbrow\u00bb use_row_as_full_screen_section=\u00bbno\u00bb type=\u00bbgrid\u00bb angled_section=\u00bbno\u00bb text_align=\u00bbleft\u00bb background_image_as_pattern=\u00bbwithout_pattern\u00bb css=\u00bb.vc_custom_1501484115808{padding-top: 80px !important;padding-bottom: 60px !important;background-color: #f2f2f2 !important;}\u00bb][vc_column width=\u00bb1\/2&#8243;][vc_column_text] POLYVEL Europe GmbH [\/vc_column_text][vc_empty_space height=\u00bb22px\u00bb][vc_column_text]Tu persona de contacto para espa\u00f1a PLASTIC AGENTS, S.L. C\/ Bisbe Soler, 15 46015 Valencia Tel\u00e9fono +34 961 079 704 info@plasticagents.com www.plasticagents.com Direcci\u00f3n Ostfeld 21&#8230;<\/p>\n","protected":false},"author":3,"featured_media":0,"parent":0,"menu_order":0,"comment_status":"closed","ping_status":"closed","template":"full_width.php","meta":[],"yoast_head":"<!-- This site is optimized with the Yoast SEO plugin v19.8 - https:\/\/yoast.com\/wordpress\/plugins\/seo\/ -->\n<title>Contacto - Polyvel Europe GmbH<\/title>\n<meta name=\"robots\" content=\"index, follow, max-snippet:-1, max-image-preview:large, max-video-preview:-1\" \/>\n<link rel=\"canonical\" href=\"http:\/\/www.polyvel-europe.com\/es\/contacto\/\" \/>\n<meta property=\"og:locale\" content=\"es_ES\" \/>\n<meta property=\"og:type\" content=\"article\" \/>\n<meta property=\"og:title\" content=\"Contacto - Polyvel Europe GmbH\" \/>\n<meta property=\"og:description\" content=\"[vc_row css_animation=\u00bb\u00bb row_type=\u00bbrow\u00bb use_row_as_full_screen_section=\u00bbno\u00bb type=\u00bbgrid\u00bb angled_section=\u00bbno\u00bb text_align=\u00bbleft\u00bb background_image_as_pattern=\u00bbwithout_pattern\u00bb css=\u00bb.vc_custom_1501484115808{padding-top: 80px !important;padding-bottom: 60px !important;background-color: #f2f2f2 !important;}\u00bb][vc_column width=\u00bb1\/2&#8243;][vc_column_text] POLYVEL Europe GmbH [\/vc_column_text][vc_empty_space height=\u00bb22px\u00bb][vc_column_text]Tu persona de contacto para espa\u00f1a PLASTIC AGENTS, S.L. C\/ Bisbe Soler, 15 46015 Valencia Tel\u00e9fono +34 961 079 704 info@plasticagents.com www.plasticagents.com Direcci\u00f3n Ostfeld 21...\" \/>\n<meta property=\"og:url\" content=\"http:\/\/www.polyvel-europe.com\/es\/contacto\/\" \/>\n<meta property=\"og:site_name\" content=\"Polyvel Inc.\" \/>\n<meta property=\"article:modified_time\" content=\"2021-11-17T14:26:34+00:00\" \/>\n<meta name=\"twitter:card\" content=\"summary_large_image\" \/>\n<meta name=\"twitter:label1\" content=\"Tiempo de lectura\" \/>\n\t<meta name=\"twitter:data1\" content=\"1 minuto\" \/>\n<script type=\"application\/ld+json\" class=\"yoast-schema-graph\">{\"@context\":\"https:\/\/schema.org\",\"@graph\":[{\"@type\":\"WebPage\",\"@id\":\"http:\/\/www.polyvel-europe.com\/es\/contacto\/\",\"url\":\"http:\/\/www.polyvel-europe.com\/es\/contacto\/\",\"name\":\"Contacto - Polyvel Europe GmbH\",\"isPartOf\":{\"@id\":\"http:\/\/www.polyvel-europe.com\/#website\"},\"datePublished\":\"2017-08-11T09:31:52+00:00\",\"dateModified\":\"2021-11-17T14:26:34+00:00\",\"breadcrumb\":{\"@id\":\"http:\/\/www.polyvel-europe.com\/es\/contacto\/#breadcrumb\"},\"inLanguage\":\"es\",\"potentialAction\":[{\"@type\":\"ReadAction\",\"target\":[\"http:\/\/www.polyvel-europe.com\/es\/contacto\/\"]}]},{\"@type\":\"BreadcrumbList\",\"@id\":\"http:\/\/www.polyvel-europe.com\/es\/contacto\/#breadcrumb\",\"itemListElement\":[{\"@type\":\"ListItem\",\"position\":1,\"name\":\"Startseite\",\"item\":\"http:\/\/www.polyvel-europe.com\/es\/\"},{\"@type\":\"ListItem\",\"position\":2,\"name\":\"Contacto\"}]},{\"@type\":\"WebSite\",\"@id\":\"http:\/\/www.polyvel-europe.com\/#website\",\"url\":\"http:\/\/www.polyvel-europe.com\/\",\"name\":\"Polyvel Inc.\",\"description\":\"Polyvel Inc.\",\"potentialAction\":[{\"@type\":\"SearchAction\",\"target\":{\"@type\":\"EntryPoint\",\"urlTemplate\":\"http:\/\/www.polyvel-europe.com\/?s={search_term_string}\"},\"query-input\":\"required name=search_term_string\"}],\"inLanguage\":\"es\"}]}<\/script>\n<!-- \/ Yoast SEO plugin. -->","yoast_head_json":{"title":"Contacto - Polyvel Europe GmbH","robots":{"index":"index","follow":"follow","max-snippet":"max-snippet:-1","max-image-preview":"max-image-preview:large","max-video-preview":"max-video-preview:-1"},"canonical":"http:\/\/www.polyvel-europe.com\/es\/contacto\/","og_locale":"es_ES","og_type":"article","og_title":"Contacto - Polyvel Europe GmbH","og_description":"[vc_row css_animation=\u00bb\u00bb row_type=\u00bbrow\u00bb use_row_as_full_screen_section=\u00bbno\u00bb type=\u00bbgrid\u00bb angled_section=\u00bbno\u00bb text_align=\u00bbleft\u00bb background_image_as_pattern=\u00bbwithout_pattern\u00bb css=\u00bb.vc_custom_1501484115808{padding-top: 80px !important;padding-bottom: 60px !important;background-color: #f2f2f2 !important;}\u00bb][vc_column width=\u00bb1\/2&#8243;][vc_column_text] POLYVEL Europe GmbH [\/vc_column_text][vc_empty_space height=\u00bb22px\u00bb][vc_column_text]Tu persona de contacto para espa\u00f1a PLASTIC AGENTS, S.L. C\/ Bisbe Soler, 15 46015 Valencia Tel\u00e9fono +34 961 079 704 info@plasticagents.com www.plasticagents.com Direcci\u00f3n Ostfeld 21...","og_url":"http:\/\/www.polyvel-europe.com\/es\/contacto\/","og_site_name":"Polyvel Inc.","article_modified_time":"2021-11-17T14:26:34+00:00","twitter_card":"summary_large_image","twitter_misc":{"Tiempo de lectura":"1 minuto"},"schema":{"@context":"https:\/\/schema.org","@graph":[{"@type":"WebPage","@id":"http:\/\/www.polyvel-europe.com\/es\/contacto\/","url":"http:\/\/www.polyvel-europe.com\/es\/contacto\/","name":"Contacto - Polyvel Europe GmbH","isPartOf":{"@id":"http:\/\/www.polyvel-europe.com\/#website"},"datePublished":"2017-08-11T09:31:52+00:00","dateModified":"2021-11-17T14:26:34+00:00","breadcrumb":{"@id":"http:\/\/www.polyvel-europe.com\/es\/contacto\/#breadcrumb"},"inLanguage":"es","potentialAction":[{"@type":"ReadAction","target":["http:\/\/www.polyvel-europe.com\/es\/contacto\/"]}]},{"@type":"BreadcrumbList","@id":"http:\/\/www.polyvel-europe.com\/es\/contacto\/#breadcrumb","itemListElement":[{"@type":"ListItem","position":1,"name":"Startseite","item":"http:\/\/www.polyvel-europe.com\/es\/"},{"@type":"ListItem","position":2,"name":"Contacto"}]},{"@type":"WebSite","@id":"http:\/\/www.polyvel-europe.com\/#website","url":"http:\/\/www.polyvel-europe.com\/","name":"Polyvel Inc.","description":"Polyvel Inc.","potentialAction":[{"@type":"SearchAction","target":{"@type":"EntryPoint","urlTemplate":"http:\/\/www.polyvel-europe.com\/?s={search_term_string}"},"query-input":"required name=search_term_string"}],"inLanguage":"es"}]}},"_links":{"self":[{"href":"http:\/\/www.polyvel-europe.com\/es\/wp-json\/wp\/v2\/pages\/19239"}],"collection":[{"href":"http:\/\/www.polyvel-europe.com\/es\/wp-json\/wp\/v2\/pages"}],"about":[{"href":"http:\/\/www.polyvel-europe.com\/es\/wp-json\/wp\/v2\/types\/page"}],"author":[{"embeddable":true,"href":"http:\/\/www.polyvel-europe.com\/es\/wp-json\/wp\/v2\/users\/3"}],"replies":[{"embeddable":true,"href":"http:\/\/www.polyvel-europe.com\/es\/wp-json\/wp\/v2\/comments?post=19239"}],"version-history":[{"count":5,"href":"http:\/\/www.polyvel-europe.com\/es\/wp-json\/wp\/v2\/pages\/19239\/revisions"}],"predecessor-version":[{"id":19584,"href":"http:\/\/www.polyvel-europe.com\/es\/wp-json\/wp\/v2\/pages\/19239\/revisions\/19584"}],"wp:attachment":[{"href":"http:\/\/www.polyvel-europe.com\/es\/wp-json\/wp\/v2\/media?parent=19239"}],"curies":[{"name":"wp","href":"https:\/\/api.w.org\/{rel}","templated":true}]}}