{"id":19243,"date":"2017-08-11T11:30:45","date_gmt":"2017-08-11T09:30:45","guid":{"rendered":"http:\/\/www.polyvel-europe.com\/kunststoffeprodukte\/"},"modified":"2023-01-27T12:58:16","modified_gmt":"2023-01-27T11:58:16","slug":"plasticos-productos","status":"publish","type":"page","link":"http:\/\/www.polyvel-europe.com\/es\/plasticos-productos\/","title":{"rendered":"Pl\u00e1sticos \/ Productos"},"content":{"rendered":"<p>[vc_row css_animation=\u00bb\u00bb row_type=\u00bbrow\u00bb use_row_as_full_screen_section=\u00bbno\u00bb type=\u00bbfull_width\u00bb angled_section=\u00bbno\u00bb text_align=\u00bbleft\u00bb background_image_as_pattern=\u00bbwithout_pattern\u00bb css=\u00bb.vc_custom_1501493434328{padding-top: 40px !important;padding-bottom: 40px !important;background-color: #f2f2f2 !important;}\u00bb][vc_column][vc_row_inner row_type=\u00bbrow\u00bb type=\u00bbgrid\u00bb text_align=\u00bbleft\u00bb css_animation=\u00bb\u00bb][vc_column_inner][vc_column_text]<\/p>\n<h1>Pl\u00e1sticos \/ Productos<\/h1>\n<p>[\/vc_column_text][\/vc_column_inner][\/vc_row_inner][\/vc_column][\/vc_row][vc_row css_animation=\u00bb\u00bb row_type=\u00bbrow\u00bb use_row_as_full_screen_section=\u00bbno\u00bb type=\u00bbgrid\u00bb angled_section=\u00bbno\u00bb text_align=\u00bbleft\u00bb background_image_as_pattern=\u00bbwithout_pattern\u00bb css=\u00bb.vc_custom_1501493522920{padding-bottom: 80px !important;}\u00bb][vc_column width=\u00bb1\/2&#8243;][vc_empty_space][vc_column_text]<\/p>\n<h3>Adaptado con aditivos<\/h3>\n<p>[\/vc_column_text][vc_empty_space height=\u00bb25px\u00bb][vc_column_text]Los diferentes termopl\u00e1sticos permiten la utilizaci\u00f3n de pl\u00e1sticos en un n\u00famero creciente de aplicaciones. En el \u00e1rea t\u00e9cnica, los metales son reemplazados por pl\u00e1sticos, adem\u00e1s de los menores costos de material y producci\u00f3n, los pl\u00e1sticos tambi\u00e9n permiten ventajas de peso significativas. En el \u00e1rea de bienes de consumo, los pl\u00e1sticos permiten una gran variedad de formas y colores, a precios extremadamente bajos. La ropa hecha de materiales de fibra artificial hace posible cultivar no s\u00f3lo el algod\u00f3n, sino tambi\u00e9n los alimentos en las superficies cultivables, mientras que al mismo tiempo mejorar el confort de uso, as\u00ed como visualmente &#8230;<\/p>\n<p>Art\u00edculos de higiene tales como pa\u00f1ales, toallitas h\u00famedas, etc. hechos de fibra sint\u00e9tica artificial son un inmenso alivio para la vida cotidiana. El grupo cada vez mayor de pl\u00e1sticos basados ??en pl\u00e1sticos renovables tambi\u00e9n es cada vez m\u00e1s importante. El envasado, los materiales de aislamiento, los bienes de consumo, incluso los componentes mec\u00e1nicos y t\u00e9rmicamente altamente estresados, se producen[\/vc_column_text][\/vc_column][vc_column width=\u00bb1\/2&#8243;][vc_empty_space height=\u00bb48px\u00bb][vc_column_text]<\/p>\n<h4>Polyvel suministra masterbatches aditivos para los siguientes pl\u00e1sticos<\/h4>\n<p>[\/vc_column_text][vc_empty_space][vc_accordion active_tab=\u00bb200&#8243; style=\u00bbboxed_toggle\u00bb][vc_accordion_tab title=\u00bbPolipropileno\u00bb][vc_column_text]<\/p>\n<ul>\n<li>Agentes suavizantes para no tejidos<\/li>\n<li>Modificadores del flujo de fusi\u00f3n\/Mezclas madre de per\u00f3xido<\/li>\n<li>Masterbatches antivaho<\/li>\n<li>Agentes nucleantes<\/li>\n<li>Clarificantes<\/li>\n<li>Masterbatches de aditivos de retenci\u00f3n de carga<\/li>\n<li>Agentes desnaturalizantes<\/li>\n<li>Antibloqueantes<\/li>\n<\/ul>\n<p>[\/vc_column_text][\/vc_accordion_tab][vc_accordion_tab title=\u00bbPolietileno\u00bb][vc_column_text]<\/p>\n<ul>\n<li>Modificadores del flujo de fusi\u00f3n\/Agentes reticulantes\/Mezclas madre de per\u00f3xido<\/li>\n<li>Masterbatches antivaho<\/li>\n<li>Agentes nucleantes<\/li>\n<li>Agentes deslizantes<\/li>\n<li>Estabilizador t\u00e9rmico<\/li>\n<\/ul>\n<p>[\/vc_column_text][\/vc_accordion_tab][vc_accordion_tab title=\u00bbPLA\u00bb][vc_column_text]<\/p>\n<ul>\n<li>Modificadores de impacto<\/li>\n<li>Agentes nucleantes<\/li>\n<li>Plastificantes<\/li>\n<li>Extensores de cadena\/ Agentes de acoplamiento<\/li>\n<li>Masterbatches de deslizamiento<\/li>\n<li>Auxiliares de flujo y desmoldeo<\/li>\n<li>Antibloqueantes<\/li>\n<li>Estabilizadores t\u00e9rmicos<\/li>\n<\/ul>\n<p>[\/vc_column_text][\/vc_accordion_tab][vc_accordion_tab title=\u00bbPoliamida\u00bb][vc_column_text]<\/p>\n<ul>\n<li>MoS2-masterbatches<\/li>\n<li>BBSA-masterbatches<\/li>\n<li>Ayudas de proceso<\/li>\n<\/ul>\n<p>[\/vc_column_text][\/vc_accordion_tab][vc_accordion_tab title=\u00bbPET\u00bb][vc_column_text]<\/p>\n<ul>\n<li>Agentes mateantes<\/li>\n<li>Agentes deslizantes<\/li>\n<\/ul>\n<p>[\/vc_column_text][\/vc_accordion_tab][\/vc_accordion][\/vc_column][\/vc_row][vc_row css_animation=\u00bb\u00bb row_type=\u00bbrow\u00bb use_row_as_full_screen_section=\u00bbno\u00bb type=\u00bbfull_width\u00bb angled_section=\u00bbno\u00bb text_align=\u00bbleft\u00bb background_image_as_pattern=\u00bbwithout_pattern\u00bb el_class=\u00bbhighmaker\u00bb css=\u00bb.vc_custom_1501493700843{background-color: #f2f2f2 !important;}\u00bb][vc_column width=\u00bb1\/2&#8243; css=\u00bb.vc_custom_1501489030323{background-image: url(http:\/\/www.polyvel-europe.com\/wp-content\/uploads\/2014\/07\/pic02.jpg?id=18930) !important;background-position: center !important;background-repeat: no-repeat !important;background-size: cover !important;}\u00bb el_class=\u00bbhmf\u00bb][\/vc_column][vc_column width=\u00bb1\/2&#8243; el_class=\u00bbhmf nopadding\u00bb css=\u00bb.vc_custom_1505494743474{padding-top: 100px !important;padding-right: 100px !important;padding-bottom: 100px !important;padding-left: 100px !important;}\u00bb][vc_column_text]<\/p>\n<h2>Aqu\u00ed es donde comienza el know-how del Polyvel<\/h2>\n<p>[\/vc_column_text][vc_empty_space height=\u00bb25px\u00bb][vc_column_text]Aconsejamos sobre la selecci\u00f3n de los aditivos adecuados y luego entregamos un granulado especialmente adaptado al respectivo proceso. Nuestra especial competencia radica en el manejo de productos qu\u00edmicos reactivos, l\u00edquidos, pastas o polvos &#8230;<\/p>\n<p>Ofrecemos una amplia gama de recetas listas para usar que han estado en uso durante muchos a\u00f1os, por supuesto podemos modificarlas para satisfacer requisitos espec\u00edficos. Nuevos desarrollos completos tambi\u00e9n son posibles.[\/vc_column_text][vc_empty_space height=\u00bb15px\u00bb]<a  itemprop=\"url\" href=\"mailto:info@polyvel-europe.com\" target=\"_self\" data-hover-background-color='#0089d0' data-hover-border-color='#0089d0' data-hover-color='#ffffff' class=\"qbutton  large default\" style=\"color: #0089d0; border-color: #0089d0; background-color: #f2f2f2;\">Contacta ahora<\/a>[vc_empty_space height=\u00bb45px\u00bb][\/vc_column][\/vc_row]<\/p>\n","protected":false},"excerpt":{"rendered":"<p>[vc_row css_animation=\u00bb\u00bb row_type=\u00bbrow\u00bb use_row_as_full_screen_section=\u00bbno\u00bb type=\u00bbfull_width\u00bb angled_section=\u00bbno\u00bb text_align=\u00bbleft\u00bb background_image_as_pattern=\u00bbwithout_pattern\u00bb css=\u00bb.vc_custom_1501493434328{padding-top: 40px !important;padding-bottom: 40px !important;background-color: #f2f2f2 !important;}\u00bb][vc_column][vc_row_inner row_type=\u00bbrow\u00bb type=\u00bbgrid\u00bb text_align=\u00bbleft\u00bb css_animation=\u00bb\u00bb][vc_column_inner][vc_column_text] Pl\u00e1sticos \/ Productos [\/vc_column_text][\/vc_column_inner][\/vc_row_inner][\/vc_column][\/vc_row][vc_row css_animation=\u00bb\u00bb row_type=\u00bbrow\u00bb use_row_as_full_screen_section=\u00bbno\u00bb type=\u00bbgrid\u00bb angled_section=\u00bbno\u00bb text_align=\u00bbleft\u00bb background_image_as_pattern=\u00bbwithout_pattern\u00bb css=\u00bb.vc_custom_1501493522920{padding-bottom: 80px !important;}\u00bb][vc_column width=\u00bb1\/2&#8243;][vc_empty_space][vc_column_text] Adaptado con aditivos [\/vc_column_text][vc_empty_space height=\u00bb25px\u00bb][vc_column_text]Los diferentes termopl\u00e1sticos permiten la utilizaci\u00f3n de&#8230;<\/p>\n","protected":false},"author":3,"featured_media":0,"parent":0,"menu_order":0,"comment_status":"closed","ping_status":"closed","template":"full_width.php","meta":[],"yoast_head":"<!-- This site is optimized with the Yoast SEO plugin v19.8 - https:\/\/yoast.com\/wordpress\/plugins\/seo\/ -->\n<title>Pl\u00e1sticos \/ Productos - Polyvel Europe GmbH<\/title>\n<meta name=\"robots\" content=\"index, follow, max-snippet:-1, max-image-preview:large, max-video-preview:-1\" \/>\n<link rel=\"canonical\" href=\"http:\/\/www.polyvel-europe.com\/es\/plasticos-productos\/\" \/>\n<meta property=\"og:locale\" content=\"es_ES\" \/>\n<meta property=\"og:type\" content=\"article\" \/>\n<meta property=\"og:title\" content=\"Pl\u00e1sticos \/ Productos - Polyvel Europe GmbH\" \/>\n<meta property=\"og:description\" content=\"[vc_row css_animation=\u00bb\u00bb row_type=\u00bbrow\u00bb use_row_as_full_screen_section=\u00bbno\u00bb type=\u00bbfull_width\u00bb angled_section=\u00bbno\u00bb text_align=\u00bbleft\u00bb background_image_as_pattern=\u00bbwithout_pattern\u00bb css=\u00bb.vc_custom_1501493434328{padding-top: 40px !important;padding-bottom: 40px !important;background-color: #f2f2f2 !important;}\u00bb][vc_column][vc_row_inner row_type=\u00bbrow\u00bb type=\u00bbgrid\u00bb text_align=\u00bbleft\u00bb css_animation=\u00bb\u00bb][vc_column_inner][vc_column_text] Pl\u00e1sticos \/ Productos [\/vc_column_text][\/vc_column_inner][\/vc_row_inner][\/vc_column][\/vc_row][vc_row css_animation=\u00bb\u00bb row_type=\u00bbrow\u00bb use_row_as_full_screen_section=\u00bbno\u00bb type=\u00bbgrid\u00bb angled_section=\u00bbno\u00bb text_align=\u00bbleft\u00bb background_image_as_pattern=\u00bbwithout_pattern\u00bb css=\u00bb.vc_custom_1501493522920{padding-bottom: 80px !important;}\u00bb][vc_column width=\u00bb1\/2&#8243;][vc_empty_space][vc_column_text] Adaptado con aditivos [\/vc_column_text][vc_empty_space height=\u00bb25px\u00bb][vc_column_text]Los diferentes termopl\u00e1sticos permiten la utilizaci\u00f3n de...\" \/>\n<meta property=\"og:url\" content=\"http:\/\/www.polyvel-europe.com\/es\/plasticos-productos\/\" \/>\n<meta property=\"og:site_name\" content=\"Polyvel Inc.\" \/>\n<meta property=\"article:modified_time\" content=\"2023-01-27T11:58:16+00:00\" \/>\n<meta name=\"twitter:card\" content=\"summary_large_image\" \/>\n<meta name=\"twitter:label1\" content=\"Tiempo de lectura\" \/>\n\t<meta name=\"twitter:data1\" content=\"3 minutos\" \/>\n<script type=\"application\/ld+json\" class=\"yoast-schema-graph\">{\"@context\":\"https:\/\/schema.org\",\"@graph\":[{\"@type\":\"WebPage\",\"@id\":\"http:\/\/www.polyvel-europe.com\/es\/plasticos-productos\/\",\"url\":\"http:\/\/www.polyvel-europe.com\/es\/plasticos-productos\/\",\"name\":\"Pl\u00e1sticos \/ Productos - Polyvel Europe GmbH\",\"isPartOf\":{\"@id\":\"http:\/\/www.polyvel-europe.com\/#website\"},\"datePublished\":\"2017-08-11T09:30:45+00:00\",\"dateModified\":\"2023-01-27T11:58:16+00:00\",\"breadcrumb\":{\"@id\":\"http:\/\/www.polyvel-europe.com\/es\/plasticos-productos\/#breadcrumb\"},\"inLanguage\":\"es\",\"potentialAction\":[{\"@type\":\"ReadAction\",\"target\":[\"http:\/\/www.polyvel-europe.com\/es\/plasticos-productos\/\"]}]},{\"@type\":\"BreadcrumbList\",\"@id\":\"http:\/\/www.polyvel-europe.com\/es\/plasticos-productos\/#breadcrumb\",\"itemListElement\":[{\"@type\":\"ListItem\",\"position\":1,\"name\":\"Startseite\",\"item\":\"http:\/\/www.polyvel-europe.com\/es\/\"},{\"@type\":\"ListItem\",\"position\":2,\"name\":\"Pl\u00e1sticos \/ Productos\"}]},{\"@type\":\"WebSite\",\"@id\":\"http:\/\/www.polyvel-europe.com\/#website\",\"url\":\"http:\/\/www.polyvel-europe.com\/\",\"name\":\"Polyvel Inc.\",\"description\":\"Polyvel Inc.\",\"potentialAction\":[{\"@type\":\"SearchAction\",\"target\":{\"@type\":\"EntryPoint\",\"urlTemplate\":\"http:\/\/www.polyvel-europe.com\/?s={search_term_string}\"},\"query-input\":\"required name=search_term_string\"}],\"inLanguage\":\"es\"}]}<\/script>\n<!-- \/ Yoast SEO plugin. -->","yoast_head_json":{"title":"Pl\u00e1sticos \/ Productos - Polyvel Europe GmbH","robots":{"index":"index","follow":"follow","max-snippet":"max-snippet:-1","max-image-preview":"max-image-preview:large","max-video-preview":"max-video-preview:-1"},"canonical":"http:\/\/www.polyvel-europe.com\/es\/plasticos-productos\/","og_locale":"es_ES","og_type":"article","og_title":"Pl\u00e1sticos \/ Productos - Polyvel Europe GmbH","og_description":"[vc_row css_animation=\u00bb\u00bb row_type=\u00bbrow\u00bb use_row_as_full_screen_section=\u00bbno\u00bb type=\u00bbfull_width\u00bb angled_section=\u00bbno\u00bb text_align=\u00bbleft\u00bb background_image_as_pattern=\u00bbwithout_pattern\u00bb css=\u00bb.vc_custom_1501493434328{padding-top: 40px !important;padding-bottom: 40px !important;background-color: #f2f2f2 !important;}\u00bb][vc_column][vc_row_inner row_type=\u00bbrow\u00bb type=\u00bbgrid\u00bb text_align=\u00bbleft\u00bb css_animation=\u00bb\u00bb][vc_column_inner][vc_column_text] Pl\u00e1sticos \/ Productos [\/vc_column_text][\/vc_column_inner][\/vc_row_inner][\/vc_column][\/vc_row][vc_row css_animation=\u00bb\u00bb row_type=\u00bbrow\u00bb use_row_as_full_screen_section=\u00bbno\u00bb type=\u00bbgrid\u00bb angled_section=\u00bbno\u00bb text_align=\u00bbleft\u00bb background_image_as_pattern=\u00bbwithout_pattern\u00bb css=\u00bb.vc_custom_1501493522920{padding-bottom: 80px !important;}\u00bb][vc_column width=\u00bb1\/2&#8243;][vc_empty_space][vc_column_text] Adaptado con aditivos [\/vc_column_text][vc_empty_space height=\u00bb25px\u00bb][vc_column_text]Los diferentes termopl\u00e1sticos permiten la utilizaci\u00f3n de...","og_url":"http:\/\/www.polyvel-europe.com\/es\/plasticos-productos\/","og_site_name":"Polyvel Inc.","article_modified_time":"2023-01-27T11:58:16+00:00","twitter_card":"summary_large_image","twitter_misc":{"Tiempo de lectura":"3 minutos"},"schema":{"@context":"https:\/\/schema.org","@graph":[{"@type":"WebPage","@id":"http:\/\/www.polyvel-europe.com\/es\/plasticos-productos\/","url":"http:\/\/www.polyvel-europe.com\/es\/plasticos-productos\/","name":"Pl\u00e1sticos \/ Productos - Polyvel Europe GmbH","isPartOf":{"@id":"http:\/\/www.polyvel-europe.com\/#website"},"datePublished":"2017-08-11T09:30:45+00:00","dateModified":"2023-01-27T11:58:16+00:00","breadcrumb":{"@id":"http:\/\/www.polyvel-europe.com\/es\/plasticos-productos\/#breadcrumb"},"inLanguage":"es","potentialAction":[{"@type":"ReadAction","target":["http:\/\/www.polyvel-europe.com\/es\/plasticos-productos\/"]}]},{"@type":"BreadcrumbList","@id":"http:\/\/www.polyvel-europe.com\/es\/plasticos-productos\/#breadcrumb","itemListElement":[{"@type":"ListItem","position":1,"name":"Startseite","item":"http:\/\/www.polyvel-europe.com\/es\/"},{"@type":"ListItem","position":2,"name":"Pl\u00e1sticos \/ Productos"}]},{"@type":"WebSite","@id":"http:\/\/www.polyvel-europe.com\/#website","url":"http:\/\/www.polyvel-europe.com\/","name":"Polyvel Inc.","description":"Polyvel Inc.","potentialAction":[{"@type":"SearchAction","target":{"@type":"EntryPoint","urlTemplate":"http:\/\/www.polyvel-europe.com\/?s={search_term_string}"},"query-input":"required name=search_term_string"}],"inLanguage":"es"}]}},"_links":{"self":[{"href":"http:\/\/www.polyvel-europe.com\/es\/wp-json\/wp\/v2\/pages\/19243"}],"collection":[{"href":"http:\/\/www.polyvel-europe.com\/es\/wp-json\/wp\/v2\/pages"}],"about":[{"href":"http:\/\/www.polyvel-europe.com\/es\/wp-json\/wp\/v2\/types\/page"}],"author":[{"embeddable":true,"href":"http:\/\/www.polyvel-europe.com\/es\/wp-json\/wp\/v2\/users\/3"}],"replies":[{"embeddable":true,"href":"http:\/\/www.polyvel-europe.com\/es\/wp-json\/wp\/v2\/comments?post=19243"}],"version-history":[{"count":5,"href":"http:\/\/www.polyvel-europe.com\/es\/wp-json\/wp\/v2\/pages\/19243\/revisions"}],"predecessor-version":[{"id":19667,"href":"http:\/\/www.polyvel-europe.com\/es\/wp-json\/wp\/v2\/pages\/19243\/revisions\/19667"}],"wp:attachment":[{"href":"http:\/\/www.polyvel-europe.com\/es\/wp-json\/wp\/v2\/media?parent=19243"}],"curies":[{"name":"wp","href":"https:\/\/api.w.org\/{rel}","templated":true}]}}