{"id":19250,"date":"2017-08-16T08:29:54","date_gmt":"2017-08-16T06:29:54","guid":{"rendered":"http:\/\/www.polyvel-europe.com\/peroxide-masterbatches\/"},"modified":"2020-01-22T14:58:00","modified_gmt":"2020-01-22T13:58:00","slug":"peroxide-masterbatches","status":"publish","type":"page","link":"http:\/\/www.polyvel-europe.com\/es\/peroxide-masterbatches\/","title":{"rendered":"Masterbatches de per\u00f3xido"},"content":{"rendered":"<p>[vc_row css_animation=\u00bb\u00bb row_type=\u00bbrow\u00bb use_row_as_full_screen_section=\u00bbno\u00bb type=\u00bbfull_width\u00bb angled_section=\u00bbno\u00bb text_align=\u00bbleft\u00bb background_image_as_pattern=\u00bbwithout_pattern\u00bb css=\u00bb.vc_custom_1501493434328{padding-top: 40px !important;padding-bottom: 40px !important;background-color: #f2f2f2 !important;}\u00bb][vc_column][vc_row_inner row_type=\u00bbrow\u00bb type=\u00bbgrid\u00bb text_align=\u00bbleft\u00bb css_animation=\u00bb\u00bb][vc_column_inner][vc_column_text]<\/p>\n<h1>Masterbatches de per\u00f3xido<\/h1>\n<p>[\/vc_column_text][\/vc_column_inner][\/vc_row_inner][\/vc_column][\/vc_row][vc_row css_animation=\u00bb\u00bb row_type=\u00bbrow\u00bb use_row_as_full_screen_section=\u00bbno\u00bb type=\u00bbgrid\u00bb angled_section=\u00bbno\u00bb text_align=\u00bbleft\u00bb background_image_as_pattern=\u00bbwithout_pattern\u00bb css=\u00bb.vc_custom_1501493522920{padding-bottom: 80px !important;}\u00bb][vc_column][vc_empty_space][vc_column_text]El per\u00f3xido est\u00e1 ampliamente difundido en la industria del pl\u00e1stico: en la mezcla de PP y en la interconexi\u00f3n, los per\u00f3xidos son esenciales. Sin embargo, el almacenamiento y el procesamiento de los per\u00f3xidos pueden ser desafiantes e implican altos esfuerzos t\u00e9cnicos. La dosificaci\u00f3n y la incorporaci\u00f3n de l\u00edquidos requieren un equipo especial de dosificaci\u00f3n. Para el almacenamiento de per\u00f3xidos se debe garantizar el aire acondicionado y la ventilaci\u00f3n. Diferentes polvos de per\u00f3xidos no son tampoco problem\u00e1ticos: ciertos criterios de almacenamiento deben cumplirse, mientras que el puenteo de dosificaci\u00f3n tiene lugar produciendo fluctuaciones en la dosificaci\u00f3n y, por lo tanto, defectos de calidad.[\/vc_column_text][vc_empty_space][vc_row_inner row_type=\u00bbrow\u00bb type=\u00bbfull_width\u00bb text_align=\u00bbleft\u00bb css_animation=\u00bb\u00bb][vc_column_inner width=\u00bb1\/3&#8243;][vc_single_image image=\u00bb18931&#8243; img_size=\u00bbfull\u00bb qode_css_animation=\u00bb\u00bb][vc_empty_space height=\u00bb10&#8243;][\/vc_column_inner][vc_column_inner width=\u00bb1\/3&#8243;][vc_single_image image=\u00bb18936&#8243; img_size=\u00bbfull\u00bb qode_css_animation=\u00bb\u00bb][vc_empty_space height=\u00bb10&#8243;][\/vc_column_inner][vc_column_inner width=\u00bb1\/3&#8243;][vc_single_image image=\u00bb18937&#8243; img_size=\u00bbfull\u00bb qode_css_animation=\u00bb\u00bb][vc_empty_space height=\u00bb10&#8243;][\/vc_column_inner][\/vc_row_inner][vc_empty_space height=\u00bb22px\u00bb][vc_column_text]Polyvel incorpora los per\u00f3xidos mezclandolos en un sustrato de poliolefina. Los gr\u00e1nulos fabricados con este proceso ofrecen muchas ventajas: no se requiere un almacenamiento climatizado y templado, la dosificaci\u00f3n se puede hacer con sistemas de dosificaci\u00f3n comunes que tambi\u00e9n se utilizan para los masterbatches de color.[\/vc_column_text][\/vc_column][\/vc_row][vc_row css_animation=\u00bb\u00bb row_type=\u00bbrow\u00bb use_row_as_full_screen_section=\u00bbno\u00bb type=\u00bbfull_width\u00bb angled_section=\u00bbno\u00bb text_align=\u00bbleft\u00bb background_image_as_pattern=\u00bbwithout_pattern\u00bb el_class=\u00bbhighmaker\u00bb css=\u00bb.vc_custom_1501493700843{background-color: #f2f2f2 !important;}\u00bb][vc_column width=\u00bb1\/2&#8243; css=\u00bb.vc_custom_1502982657669{background-image: url(http:\/\/www.polyvel-europe.com\/wp-content\/uploads\/2017\/08\/poly_ketten.jpg?id=19080) !important;background-position: center !important;background-repeat: no-repeat !important;background-size: cover !important;}\u00bb el_class=\u00bbhmf\u00bb][\/vc_column][vc_column width=\u00bb1\/2&#8243; el_class=\u00bbhmf nopadding\u00bb css=\u00bb.vc_custom_1505494976880{padding-top: 100px !important;padding-right: 100px !important;padding-bottom: 100px !important;padding-left: 100px !important;}\u00bb][vc_column_text]<\/p>\n<h2>Masterbachtes de per\u00f3xido para la composici\u00f3n de polipropileno<\/h2>\n<p>[\/vc_column_text][vc_empty_space height=\u00bb25px\u00bb][vc_column_text]En la recomposici\u00f3n de polipropileno, el MFI puede ser ajustado y reproducible de forma muy precisa a trav\u00e9s del uso de masterbatches de per\u00f3xido. Las cadenas de pol\u00edmero se acortan con per\u00f3xidos, con lo que el MFI aumenta, el material se hace fluir m\u00e1s f\u00e1cilmente.<\/p>\n<p>Nuestra serie P est\u00e1 especializada en la composici\u00f3n y est\u00e1 disponible con un contenido de per\u00f3xido de 5%, 10% o 20%. Esto permite una dosificaci\u00f3n muy precisa.[\/vc_column_text][vc_empty_space height=\u00bb15px\u00bb]<a  itemprop=\"url\" href=\"mailto:info@polyvel-europe.com\" target=\"_self\" data-hover-background-color='#0089d0' data-hover-border-color='#0089d0' data-hover-color='#ffffff' class=\"qbutton  large default\" style=\"color: #0089d0; border-color: #0089d0; background-color: #f2f2f2;\">Ponerse en contacto<\/a>[vc_empty_space height=\u00bb25px\u00bb][\/vc_column][\/vc_row][vc_row css_animation=\u00bb\u00bb row_type=\u00bbrow\u00bb use_row_as_full_screen_section=\u00bbno\u00bb type=\u00bbfull_width\u00bb angled_section=\u00bbno\u00bb text_align=\u00bbleft\u00bb background_image_as_pattern=\u00bbwithout_pattern\u00bb el_class=\u00bbhighmaker\u00bb css=\u00bb.vc_custom_1501493700843{background-color: #f2f2f2 !important;}\u00bb][vc_column width=\u00bb1\/2&#8243; css=\u00bb.vc_custom_1505494981706{padding-top: 100px !important;padding-right: 100px !important;padding-bottom: 100px !important;padding-left: 100px !important;}\u00bb el_class=\u00bbhmf nopadding\u00bb][vc_column_text]<\/p>\n<h2>Masterbatches de per\u00f3xido para la reducci\u00f3n del tiempo del ciclo en el moldeo por inyecci\u00f3n<\/h2>\n<p>[\/vc_column_text][vc_empty_space height=\u00bb25px\u00bb][vc_column_text]Particularmente en la producci\u00f3n de bienes de consumo general hechos de polipropileno, el tiempo de ciclo es una gran influencia en el coste de producci\u00f3n. Con nuestro masterbatches de per\u00f3xido el tiempo del ciclo puede ser reducido significativamente, mientras que todav\u00eda sigue siendo confiable. Los per\u00f3xidos est\u00e1n acortando las cadenas polim\u00e9ricas de polipropileno; esto hace que exista un mejor flujo de material.\u00a0El masterbatch de per\u00f3xido act\u00faa as\u00ed como un mejorador de flujo.<\/p>\n<p>A trav\u00e9s de esto se puede bajar la temperatura de fusi\u00f3n, lo que permite un periodo de enfriamiento m\u00e1s corto. Un bajo concentrado de masterbatches de per\u00f3xido permiten una dosis f\u00e1cil y ex\u00e1cta sobre los sistemas de dosificaci\u00f3n existentes para masterbatches de color.[\/vc_column_text][vc_empty_space height=\u00bb15px\u00bb]<a  itemprop=\"url\" href=\"mailto:info@polyvel-europe.com\" target=\"_self\" data-hover-background-color='#0089d0' data-hover-border-color='#0089d0' data-hover-color='#ffffff' class=\"qbutton  large default\" style=\"color: #0089d0; border-color: #0089d0; background-color: #f2f2f2;\">Ponerse en contacto<\/a>[vc_empty_space height=\u00bb25px\u00bb][\/vc_column][vc_column width=\u00bb1\/2&#8243; el_class=\u00bbhmf\u00bb css=\u00bb.vc_custom_1505215993791{background-image: url(http:\/\/www.polyvel-europe.com\/wp-content\/uploads\/2017\/08\/deckel_small.jpg?id=19139) !important;background-position: center !important;background-repeat: no-repeat !important;background-size: cover !important;}\u00bb][\/vc_column][\/vc_row][vc_row css_animation=\u00bb\u00bb row_type=\u00bbrow\u00bb use_row_as_full_screen_section=\u00bbno\u00bb type=\u00bbfull_width\u00bb angled_section=\u00bbno\u00bb text_align=\u00bbleft\u00bb background_image_as_pattern=\u00bbwithout_pattern\u00bb el_class=\u00bbhighmaker\u00bb css=\u00bb.vc_custom_1501493700843{background-color: #f2f2f2 !important;}\u00bb][vc_column width=\u00bb1\/2&#8243; css=\u00bb.vc_custom_1502982674123{background-image: url(http:\/\/www.polyvel-europe.com\/wp-content\/uploads\/2017\/08\/poly_ketten_red.jpg?id=19081) !important;background-position: center !important;background-repeat: no-repeat !important;background-size: cover !important;}\u00bb el_class=\u00bbhmf\u00bb][\/vc_column][vc_column width=\u00bb1\/2&#8243; el_class=\u00bbhmf nopadding\u00bb css=\u00bb.vc_custom_1505495008486{padding-top: 100px !important;padding-right: 100px !important;padding-bottom: 100px !important;padding-left: 100px !important;}\u00bb][vc_column_text]<\/p>\n<h2>L\u00e1minas para el puente<\/h2>\n<p>[\/vc_column_text][vc_empty_space height=\u00bb25px\u00bb][vc_column_text]En la producci\u00f3n de tubos y espumas de polietileno conectados peroxidicamente es com\u00fan el uso de per\u00f3xidos, tambi\u00e9n en la producci\u00f3n de cables. Pero los per\u00f3xidos requieren un almacenamiento y una dosificaci\u00f3n complejos tambi\u00e9n aqu\u00ed.<\/p>\n<p>Nuestros masterbatches de per\u00f3xido facilitan enormemente el almacenamiento, la dosificaci\u00f3n y la manipulaci\u00f3n. La serie PCL est\u00e1 disponible en 5%, 10% o 15% de Dicoxilperoxida[\/vc_column_text][vc_empty_space height=\u00bb15px\u00bb]<a  itemprop=\"url\" href=\"mailto:info@polyvel-europe.com\" target=\"_self\" data-hover-background-color='#0089d0' data-hover-border-color='#0089d0' data-hover-color='#ffffff' class=\"qbutton  large default\" style=\"color: #0089d0; border-color: #0089d0; background-color: #f2f2f2;\">Ponerse en contacto<\/a>[vc_empty_space height=\u00bb25px\u00bb][\/vc_column][\/vc_row]<\/p>\n","protected":false},"excerpt":{"rendered":"<p>[vc_row css_animation=\u00bb\u00bb row_type=\u00bbrow\u00bb use_row_as_full_screen_section=\u00bbno\u00bb type=\u00bbfull_width\u00bb angled_section=\u00bbno\u00bb text_align=\u00bbleft\u00bb background_image_as_pattern=\u00bbwithout_pattern\u00bb css=\u00bb.vc_custom_1501493434328{padding-top: 40px !important;padding-bottom: 40px !important;background-color: #f2f2f2 !important;}\u00bb][vc_column][vc_row_inner row_type=\u00bbrow\u00bb type=\u00bbgrid\u00bb text_align=\u00bbleft\u00bb css_animation=\u00bb\u00bb][vc_column_inner][vc_column_text] Masterbatches de per\u00f3xido [\/vc_column_text][\/vc_column_inner][\/vc_row_inner][\/vc_column][\/vc_row][vc_row css_animation=\u00bb\u00bb row_type=\u00bbrow\u00bb use_row_as_full_screen_section=\u00bbno\u00bb type=\u00bbgrid\u00bb angled_section=\u00bbno\u00bb text_align=\u00bbleft\u00bb background_image_as_pattern=\u00bbwithout_pattern\u00bb css=\u00bb.vc_custom_1501493522920{padding-bottom: 80px !important;}\u00bb][vc_column][vc_empty_space][vc_column_text]El per\u00f3xido est\u00e1 ampliamente difundido en la industria del pl\u00e1stico: en la mezcla&#8230;<\/p>\n","protected":false},"author":3,"featured_media":0,"parent":0,"menu_order":0,"comment_status":"closed","ping_status":"closed","template":"full_width.php","meta":[],"yoast_head":"<!-- This site is optimized with the Yoast SEO plugin v19.8 - https:\/\/yoast.com\/wordpress\/plugins\/seo\/ -->\n<title>Masterbatches de per\u00f3xido - Polyvel Europe GmbH<\/title>\n<meta name=\"robots\" content=\"index, follow, max-snippet:-1, max-image-preview:large, max-video-preview:-1\" \/>\n<link rel=\"canonical\" href=\"http:\/\/www.polyvel-europe.com\/es\/peroxide-masterbatches\/\" \/>\n<meta property=\"og:locale\" content=\"es_ES\" \/>\n<meta property=\"og:type\" content=\"article\" \/>\n<meta property=\"og:title\" content=\"Masterbatches de per\u00f3xido - Polyvel Europe GmbH\" \/>\n<meta property=\"og:description\" content=\"[vc_row css_animation=\u00bb\u00bb row_type=\u00bbrow\u00bb use_row_as_full_screen_section=\u00bbno\u00bb type=\u00bbfull_width\u00bb angled_section=\u00bbno\u00bb text_align=\u00bbleft\u00bb background_image_as_pattern=\u00bbwithout_pattern\u00bb css=\u00bb.vc_custom_1501493434328{padding-top: 40px !important;padding-bottom: 40px !important;background-color: #f2f2f2 !important;}\u00bb][vc_column][vc_row_inner row_type=\u00bbrow\u00bb type=\u00bbgrid\u00bb text_align=\u00bbleft\u00bb css_animation=\u00bb\u00bb][vc_column_inner][vc_column_text] Masterbatches de per\u00f3xido [\/vc_column_text][\/vc_column_inner][\/vc_row_inner][\/vc_column][\/vc_row][vc_row css_animation=\u00bb\u00bb row_type=\u00bbrow\u00bb use_row_as_full_screen_section=\u00bbno\u00bb type=\u00bbgrid\u00bb angled_section=\u00bbno\u00bb text_align=\u00bbleft\u00bb background_image_as_pattern=\u00bbwithout_pattern\u00bb css=\u00bb.vc_custom_1501493522920{padding-bottom: 80px !important;}\u00bb][vc_column][vc_empty_space][vc_column_text]El per\u00f3xido est\u00e1 ampliamente difundido en la industria del pl\u00e1stico: en la mezcla...\" \/>\n<meta property=\"og:url\" content=\"http:\/\/www.polyvel-europe.com\/es\/peroxide-masterbatches\/\" \/>\n<meta property=\"og:site_name\" content=\"Polyvel Inc.\" \/>\n<meta property=\"article:modified_time\" content=\"2020-01-22T13:58:00+00:00\" \/>\n<meta name=\"twitter:card\" content=\"summary_large_image\" \/>\n<meta name=\"twitter:label1\" content=\"Tiempo de lectura\" \/>\n\t<meta name=\"twitter:data1\" content=\"6 minutos\" \/>\n<script type=\"application\/ld+json\" class=\"yoast-schema-graph\">{\"@context\":\"https:\/\/schema.org\",\"@graph\":[{\"@type\":\"WebPage\",\"@id\":\"http:\/\/www.polyvel-europe.com\/es\/peroxide-masterbatches\/\",\"url\":\"http:\/\/www.polyvel-europe.com\/es\/peroxide-masterbatches\/\",\"name\":\"Masterbatches de per\u00f3xido - Polyvel Europe GmbH\",\"isPartOf\":{\"@id\":\"http:\/\/www.polyvel-europe.com\/#website\"},\"datePublished\":\"2017-08-16T06:29:54+00:00\",\"dateModified\":\"2020-01-22T13:58:00+00:00\",\"breadcrumb\":{\"@id\":\"http:\/\/www.polyvel-europe.com\/es\/peroxide-masterbatches\/#breadcrumb\"},\"inLanguage\":\"es\",\"potentialAction\":[{\"@type\":\"ReadAction\",\"target\":[\"http:\/\/www.polyvel-europe.com\/es\/peroxide-masterbatches\/\"]}]},{\"@type\":\"BreadcrumbList\",\"@id\":\"http:\/\/www.polyvel-europe.com\/es\/peroxide-masterbatches\/#breadcrumb\",\"itemListElement\":[{\"@type\":\"ListItem\",\"position\":1,\"name\":\"Startseite\",\"item\":\"http:\/\/www.polyvel-europe.com\/es\/\"},{\"@type\":\"ListItem\",\"position\":2,\"name\":\"Masterbatches de per\u00f3xido\"}]},{\"@type\":\"WebSite\",\"@id\":\"http:\/\/www.polyvel-europe.com\/#website\",\"url\":\"http:\/\/www.polyvel-europe.com\/\",\"name\":\"Polyvel Inc.\",\"description\":\"Polyvel Inc.\",\"potentialAction\":[{\"@type\":\"SearchAction\",\"target\":{\"@type\":\"EntryPoint\",\"urlTemplate\":\"http:\/\/www.polyvel-europe.com\/?s={search_term_string}\"},\"query-input\":\"required name=search_term_string\"}],\"inLanguage\":\"es\"}]}<\/script>\n<!-- \/ Yoast SEO plugin. -->","yoast_head_json":{"title":"Masterbatches de per\u00f3xido - Polyvel Europe GmbH","robots":{"index":"index","follow":"follow","max-snippet":"max-snippet:-1","max-image-preview":"max-image-preview:large","max-video-preview":"max-video-preview:-1"},"canonical":"http:\/\/www.polyvel-europe.com\/es\/peroxide-masterbatches\/","og_locale":"es_ES","og_type":"article","og_title":"Masterbatches de per\u00f3xido - Polyvel Europe GmbH","og_description":"[vc_row css_animation=\u00bb\u00bb row_type=\u00bbrow\u00bb use_row_as_full_screen_section=\u00bbno\u00bb type=\u00bbfull_width\u00bb angled_section=\u00bbno\u00bb text_align=\u00bbleft\u00bb background_image_as_pattern=\u00bbwithout_pattern\u00bb css=\u00bb.vc_custom_1501493434328{padding-top: 40px !important;padding-bottom: 40px !important;background-color: #f2f2f2 !important;}\u00bb][vc_column][vc_row_inner row_type=\u00bbrow\u00bb type=\u00bbgrid\u00bb text_align=\u00bbleft\u00bb css_animation=\u00bb\u00bb][vc_column_inner][vc_column_text] Masterbatches de per\u00f3xido [\/vc_column_text][\/vc_column_inner][\/vc_row_inner][\/vc_column][\/vc_row][vc_row css_animation=\u00bb\u00bb row_type=\u00bbrow\u00bb use_row_as_full_screen_section=\u00bbno\u00bb type=\u00bbgrid\u00bb angled_section=\u00bbno\u00bb text_align=\u00bbleft\u00bb background_image_as_pattern=\u00bbwithout_pattern\u00bb css=\u00bb.vc_custom_1501493522920{padding-bottom: 80px !important;}\u00bb][vc_column][vc_empty_space][vc_column_text]El per\u00f3xido est\u00e1 ampliamente difundido en la industria del pl\u00e1stico: en la mezcla...","og_url":"http:\/\/www.polyvel-europe.com\/es\/peroxide-masterbatches\/","og_site_name":"Polyvel Inc.","article_modified_time":"2020-01-22T13:58:00+00:00","twitter_card":"summary_large_image","twitter_misc":{"Tiempo de lectura":"6 minutos"},"schema":{"@context":"https:\/\/schema.org","@graph":[{"@type":"WebPage","@id":"http:\/\/www.polyvel-europe.com\/es\/peroxide-masterbatches\/","url":"http:\/\/www.polyvel-europe.com\/es\/peroxide-masterbatches\/","name":"Masterbatches de per\u00f3xido - Polyvel Europe GmbH","isPartOf":{"@id":"http:\/\/www.polyvel-europe.com\/#website"},"datePublished":"2017-08-16T06:29:54+00:00","dateModified":"2020-01-22T13:58:00+00:00","breadcrumb":{"@id":"http:\/\/www.polyvel-europe.com\/es\/peroxide-masterbatches\/#breadcrumb"},"inLanguage":"es","potentialAction":[{"@type":"ReadAction","target":["http:\/\/www.polyvel-europe.com\/es\/peroxide-masterbatches\/"]}]},{"@type":"BreadcrumbList","@id":"http:\/\/www.polyvel-europe.com\/es\/peroxide-masterbatches\/#breadcrumb","itemListElement":[{"@type":"ListItem","position":1,"name":"Startseite","item":"http:\/\/www.polyvel-europe.com\/es\/"},{"@type":"ListItem","position":2,"name":"Masterbatches de per\u00f3xido"}]},{"@type":"WebSite","@id":"http:\/\/www.polyvel-europe.com\/#website","url":"http:\/\/www.polyvel-europe.com\/","name":"Polyvel Inc.","description":"Polyvel Inc.","potentialAction":[{"@type":"SearchAction","target":{"@type":"EntryPoint","urlTemplate":"http:\/\/www.polyvel-europe.com\/?s={search_term_string}"},"query-input":"required name=search_term_string"}],"inLanguage":"es"}]}},"_links":{"self":[{"href":"http:\/\/www.polyvel-europe.com\/es\/wp-json\/wp\/v2\/pages\/19250"}],"collection":[{"href":"http:\/\/www.polyvel-europe.com\/es\/wp-json\/wp\/v2\/pages"}],"about":[{"href":"http:\/\/www.polyvel-europe.com\/es\/wp-json\/wp\/v2\/types\/page"}],"author":[{"embeddable":true,"href":"http:\/\/www.polyvel-europe.com\/es\/wp-json\/wp\/v2\/users\/3"}],"replies":[{"embeddable":true,"href":"http:\/\/www.polyvel-europe.com\/es\/wp-json\/wp\/v2\/comments?post=19250"}],"version-history":[{"count":4,"href":"http:\/\/www.polyvel-europe.com\/es\/wp-json\/wp\/v2\/pages\/19250\/revisions"}],"predecessor-version":[{"id":19476,"href":"http:\/\/www.polyvel-europe.com\/es\/wp-json\/wp\/v2\/pages\/19250\/revisions\/19476"}],"wp:attachment":[{"href":"http:\/\/www.polyvel-europe.com\/es\/wp-json\/wp\/v2\/media?parent=19250"}],"curies":[{"name":"wp","href":"https:\/\/api.w.org\/{rel}","templated":true}]}}