{"id":19368,"date":"2017-08-11T11:30:45","date_gmt":"2017-08-11T09:30:45","guid":{"rendered":"http:\/\/www.polyvel-europe.com\/kunststoffeprodukte\/"},"modified":"2023-01-27T12:54:52","modified_gmt":"2023-01-27T11:54:52","slug":"plastiques-produits","status":"publish","type":"page","link":"http:\/\/www.polyvel-europe.com\/fr\/plastiques-produits\/","title":{"rendered":"Plastiques \/ Produits"},"content":{"rendered":"<p>[vc_row css_animation=\u00a0\u00bb\u00a0\u00bb row_type=\u00a0\u00bbrow\u00a0\u00bb use_row_as_full_screen_section=\u00a0\u00bbno\u00a0\u00bb type=\u00a0\u00bbfull_width\u00a0\u00bb angled_section=\u00a0\u00bbno\u00a0\u00bb text_align=\u00a0\u00bbleft\u00a0\u00bb background_image_as_pattern=\u00a0\u00bbwithout_pattern\u00a0\u00bb css=\u00a0\u00bb.vc_custom_1501493434328{padding-top: 40px !important;padding-bottom: 40px !important;background-color: #f2f2f2 !important;}\u00a0\u00bb][vc_column][vc_row_inner row_type=\u00a0\u00bbrow\u00a0\u00bb type=\u00a0\u00bbgrid\u00a0\u00bb text_align=\u00a0\u00bbleft\u00a0\u00bb css_animation=\u00a0\u00bb\u00a0\u00bb][vc_column_inner][vc_column_text]<\/p>\n<h1>Plastiques \/ Produits<\/h1>\n<p>[\/vc_column_text][\/vc_column_inner][\/vc_row_inner][\/vc_column][\/vc_row][vc_row css_animation=\u00a0\u00bb\u00a0\u00bb row_type=\u00a0\u00bbrow\u00a0\u00bb use_row_as_full_screen_section=\u00a0\u00bbno\u00a0\u00bb type=\u00a0\u00bbgrid\u00a0\u00bb angled_section=\u00a0\u00bbno\u00a0\u00bb text_align=\u00a0\u00bbleft\u00a0\u00bb background_image_as_pattern=\u00a0\u00bbwithout_pattern\u00a0\u00bb css=\u00a0\u00bb.vc_custom_1501493522920{padding-bottom: 80px !important;}\u00a0\u00bb][vc_column width=\u00a0\u00bb1\/2&Prime;][vc_empty_space][vc_column_text]<\/p>\n<h3>Le sur-mesure avec des additifs<\/h3>\n<p>[\/vc_column_text][vc_empty_space height=\u00a0\u00bb25px\u00a0\u00bb][vc_column_text]Les diff\u00e9rents thermoplastiques permettent d&rsquo;utiliser les plastiques dans un nombre croissant d&rsquo;applications. Dans le domaine technique, les m\u00e9taux sont remplac\u00e9s par des plastiques. En plus des co\u00fbts de mat\u00e9riel et de production inf\u00e9rieurs, les plastiques offrent d&rsquo;importants avantages. Dans le secteur des biens de consommation, les plastiques permettent une grande vari\u00e9t\u00e9 de formes et de couleurs, \u00e0 des prix extr\u00eamement bas. Les v\u00eatements en fibres synth\u00e9tiques permettent \u00e9galement de r\u00e9server les terres arables \u00e0 la culture des produits alimentaires, et non plus du coton, tout en am\u00e9liorant le confort et l&rsquo;esth\u00e9tisme&#8230;<\/p>\n<p>Les articles d&rsquo;hygi\u00e8ne, tels que les couches ou les lingettes, en non-tiss\u00e9s synth\u00e9tiques facilitent grandement la vie quotidienne. Les plastiques toujours plus nombreux \u00e0 base de ressources renouvelables prennent de plus en plus d&rsquo;importance. Les emballages, les mat\u00e9riaux d&rsquo;isolation, les biens de consommation, m\u00eame les composants soumis \u00e0 des contraintes m\u00e9caniques et thermiques \u00e9lev\u00e9es, sont maintenant enti\u00e8rement ou partiellement produits \u00e0 partir de mati\u00e8res premi\u00e8res renouvelables. Dans certains cas, ils peuvent m\u00eame \u00eatre compost\u00e9s.<\/p>\n<p>Toutes ces applications ont pour point commun qu&rsquo;un plastique de base tel que par exemple le polyamide, le polypropyl\u00e8ne, le polyester ou le PLA, est modifi\u00e9 de mani\u00e8re cibl\u00e9e \u00e0 l&rsquo;aide d&rsquo;additifs et ne peut ainsi que r\u00e9pondre aux propri\u00e9t\u00e9s requises.[\/vc_column_text][\/vc_column][vc_column width=\u00a0\u00bb1\/2&Prime;][vc_empty_space height=\u00a0\u00bb48px\u00a0\u00bb][vc_column_text]<\/p>\n<h4>Polyvel fournit des m\u00e9langes-ma\u00eetres d&rsquo;additifs pour les plastiques suivants<\/h4>\n<p>[\/vc_column_text][vc_empty_space][vc_accordion active_tab=\u00a0\u00bb200&Prime; style=\u00a0\u00bbboxed_toggle\u00a0\u00bb][vc_accordion_tab title=\u00a0\u00bbPolypropyl\u00e8ne\u00a0\u00bb][vc_column_text]<\/p>\n<ul>\n<li>Agents adoucissants pour les non-tiss\u00e9s<\/li>\n<li>Modificateurs d&rsquo;\u00e9coulement \u00e0 l&rsquo;\u00e9tat fondu \/ M\u00e9langes ma\u00eetres de peroxydes<\/li>\n<li>M\u00e9langes ma\u00eetres anti-bu\u00e9e<\/li>\n<li>Agents de nucl\u00e9ation<\/li>\n<li>Clarificateurs<\/li>\n<li>M\u00e9langes ma\u00eetres d&rsquo;additifs de r\u00e9tention de charge<\/li>\n<li>Agents de d\u00e9naturation<\/li>\n<li>Antiblocs<\/li>\n<\/ul>\n<p>[\/vc_column_text][\/vc_accordion_tab][vc_accordion_tab title=\u00a0\u00bbPoly\u00e9thyl\u00e8ne\u00a0\u00bb][vc_column_text]<\/p>\n<ul>\n<li>Modificateurs de l&rsquo;\u00e9coulement \u00e0 l&rsquo;\u00e9tat fondu \/ Agents de r\u00e9ticulation \/ M\u00e9langes ma\u00eetres de peroxydes<\/li>\n<li>M\u00e9langes ma\u00eetres anti-bu\u00e9e<\/li>\n<li>Agents de nucl\u00e9ation<\/li>\n<li>Agents de glissement<\/li>\n<li>Stabilisateur de chaleur<\/li>\n<\/ul>\n<p>[\/vc_column_text][\/vc_accordion_tab][vc_accordion_tab title=\u00a0\u00bbPLA\u00a0\u00bb][vc_column_text]<\/p>\n<ul>\n<li>Modificateurs d&rsquo;impact<\/li>\n<li>Agents de nucl\u00e9ation<\/li>\n<li>Plastifiants<\/li>\n<li>Extensions de cha\u00eenes\/agents de couplage<\/li>\n<li>M\u00e9langes ma\u00eetres de glissement<\/li>\n<li>Aides \u00e0 l&rsquo;\u00e9coulement et au d\u00e9moulage<\/li>\n<li>Antiblocs<\/li>\n<li>Stabilisateur de chaleur<\/li>\n<\/ul>\n<p>[\/vc_column_text][\/vc_accordion_tab][vc_accordion_tab title=\u00a0\u00bbPolyamide\u00a0\u00bb][vc_column_text]<\/p>\n<ul>\n<li>M\u00e9langes-ma\u00eetres MoS2<\/li>\n<li>M\u00e9langes-ma\u00eetres BBSA<\/li>\n<li>Agents d&rsquo;\u00e9coulement et de d\u00e9moulage<\/li>\n<\/ul>\n<p>[\/vc_column_text][\/vc_accordion_tab][vc_accordion_tab title=\u00a0\u00bbPET\u00a0\u00bb][vc_column_text]<\/p>\n<ul>\n<li>Agents matants<\/li>\n<li>Agents de glissement<\/li>\n<\/ul>\n<p>[\/vc_column_text][\/vc_accordion_tab][\/vc_accordion][\/vc_column][\/vc_row][vc_row css_animation=\u00a0\u00bb\u00a0\u00bb row_type=\u00a0\u00bbrow\u00a0\u00bb use_row_as_full_screen_section=\u00a0\u00bbno\u00a0\u00bb type=\u00a0\u00bbfull_width\u00a0\u00bb angled_section=\u00a0\u00bbno\u00a0\u00bb text_align=\u00a0\u00bbleft\u00a0\u00bb background_image_as_pattern=\u00a0\u00bbwithout_pattern\u00a0\u00bb el_class=\u00a0\u00bbhighmaker\u00a0\u00bb css=\u00a0\u00bb.vc_custom_1501493700843{background-color: #f2f2f2 !important;}\u00a0\u00bb][vc_column width=\u00a0\u00bb1\/2&Prime; css=\u00a0\u00bb.vc_custom_1501489030323{background-image: url(http:\/\/www.polyvel-europe.com\/wp-content\/uploads\/2014\/07\/pic02.jpg?id=18930) !important;background-position: center !important;background-repeat: no-repeat !important;background-size: cover !important;}\u00a0\u00bb el_class=\u00a0\u00bbhmf\u00a0\u00bb][\/vc_column][vc_column width=\u00a0\u00bb1\/2&Prime; el_class=\u00a0\u00bbhmf nopadding\u00a0\u00bb css=\u00a0\u00bb.vc_custom_1505494743474{padding-top: 100px !important;padding-right: 100px !important;padding-bottom: 100px !important;padding-left: 100px !important;}\u00a0\u00bb][vc_column_text]<\/p>\n<h2>C&rsquo;est ici qu&rsquo;intervient le savoir-faire de Polyvel<\/h2>\n<p>[\/vc_column_text][vc_empty_space height=\u00a0\u00bb25px\u00a0\u00bb][vc_column_text]Nous conseillons sur la s\u00e9lection des additifs appropri\u00e9s et livrons ensuite un granul\u00e9 sp\u00e9cialement adapt\u00e9 au processus. Notre comp\u00e9tence particuli\u00e8re r\u00e9side dans la manipulation de produits chimiques, de p\u00e2tes, de poudres et de liquides r\u00e9actifs, &#8230;<\/p>\n<p>Nous offrons une vaste gamme de formules pr\u00eates \u00e0 l&#8217;emploi utilis\u00e9es depuis de nombreuses ann\u00e9es. Nous pouvons naturellement les modifier pour r\u00e9pondre \u00e0 des exigences sp\u00e9cifiques. De nouveaux d\u00e9veloppements sont \u00e9galement possibles.[\/vc_column_text][vc_empty_space height=\u00a0\u00bb15px\u00a0\u00bb]<a  itemprop=\"url\" href=\"mailto:info@polyvel-europe.com\" target=\"_self\" data-hover-background-color='#0089d0' data-hover-border-color='#0089d0' data-hover-color='#ffffff' class=\"qbutton  large default\" style=\"color: #0089d0; border-color: #0089d0; background-color: #f2f2f2;\">Contactez-nous<\/a>[vc_empty_space height=\u00a0\u00bb45px\u00a0\u00bb][\/vc_column][\/vc_row]<\/p>\n","protected":false},"excerpt":{"rendered":"<p>[vc_row css_animation=\u00a0\u00bb\u00a0\u00bb row_type=\u00a0\u00bbrow\u00a0\u00bb use_row_as_full_screen_section=\u00a0\u00bbno\u00a0\u00bb type=\u00a0\u00bbfull_width\u00a0\u00bb angled_section=\u00a0\u00bbno\u00a0\u00bb text_align=\u00a0\u00bbleft\u00a0\u00bb background_image_as_pattern=\u00a0\u00bbwithout_pattern\u00a0\u00bb css=\u00a0\u00bb.vc_custom_1501493434328{padding-top: 40px !important;padding-bottom: 40px !important;background-color: #f2f2f2 !important;}\u00a0\u00bb][vc_column][vc_row_inner row_type=\u00a0\u00bbrow\u00a0\u00bb type=\u00a0\u00bbgrid\u00a0\u00bb text_align=\u00a0\u00bbleft\u00a0\u00bb css_animation=\u00a0\u00bb\u00a0\u00bb][vc_column_inner][vc_column_text] Plastiques \/ Produits [\/vc_column_text][\/vc_column_inner][\/vc_row_inner][\/vc_column][\/vc_row][vc_row css_animation=\u00a0\u00bb\u00a0\u00bb row_type=\u00a0\u00bbrow\u00a0\u00bb use_row_as_full_screen_section=\u00a0\u00bbno\u00a0\u00bb type=\u00a0\u00bbgrid\u00a0\u00bb angled_section=\u00a0\u00bbno\u00a0\u00bb text_align=\u00a0\u00bbleft\u00a0\u00bb background_image_as_pattern=\u00a0\u00bbwithout_pattern\u00a0\u00bb css=\u00a0\u00bb.vc_custom_1501493522920{padding-bottom: 80px !important;}\u00a0\u00bb][vc_column width=\u00a0\u00bb1\/2&Prime;][vc_empty_space][vc_column_text] Le sur-mesure avec des additifs [\/vc_column_text][vc_empty_space height=\u00a0\u00bb25px\u00a0\u00bb][vc_column_text]Les diff\u00e9rents thermoplastiques permettent d&rsquo;utiliser&#8230;<\/p>\n","protected":false},"author":3,"featured_media":0,"parent":0,"menu_order":0,"comment_status":"closed","ping_status":"closed","template":"full_width.php","meta":[],"yoast_head":"<!-- This site is optimized with the Yoast SEO plugin v19.8 - https:\/\/yoast.com\/wordpress\/plugins\/seo\/ -->\n<title>Kunststoffe\/Produkte - Polyvel Europe GmbH<\/title>\n<meta name=\"robots\" content=\"index, follow, max-snippet:-1, max-image-preview:large, max-video-preview:-1\" \/>\n<link rel=\"canonical\" href=\"http:\/\/www.polyvel-europe.com\/fr\/plastiques-produits\/\" \/>\n<meta property=\"og:locale\" content=\"fr_FR\" \/>\n<meta property=\"og:type\" content=\"article\" \/>\n<meta property=\"og:title\" content=\"Kunststoffe\/Produkte - Polyvel Europe GmbH\" \/>\n<meta property=\"og:description\" content=\"[vc_row css_animation=\u00a0\u00bb\u00a0\u00bb row_type=\u00a0\u00bbrow\u00a0\u00bb use_row_as_full_screen_section=\u00a0\u00bbno\u00a0\u00bb type=\u00a0\u00bbfull_width\u00a0\u00bb angled_section=\u00a0\u00bbno\u00a0\u00bb text_align=\u00a0\u00bbleft\u00a0\u00bb background_image_as_pattern=\u00a0\u00bbwithout_pattern\u00a0\u00bb css=\u00a0\u00bb.vc_custom_1501493434328{padding-top: 40px !important;padding-bottom: 40px !important;background-color: #f2f2f2 !important;}\u00a0\u00bb][vc_column][vc_row_inner row_type=\u00a0\u00bbrow\u00a0\u00bb type=\u00a0\u00bbgrid\u00a0\u00bb text_align=\u00a0\u00bbleft\u00a0\u00bb css_animation=\u00a0\u00bb\u00a0\u00bb][vc_column_inner][vc_column_text] Plastiques \/ Produits [\/vc_column_text][\/vc_column_inner][\/vc_row_inner][\/vc_column][\/vc_row][vc_row css_animation=\u00a0\u00bb\u00a0\u00bb row_type=\u00a0\u00bbrow\u00a0\u00bb use_row_as_full_screen_section=\u00a0\u00bbno\u00a0\u00bb type=\u00a0\u00bbgrid\u00a0\u00bb angled_section=\u00a0\u00bbno\u00a0\u00bb text_align=\u00a0\u00bbleft\u00a0\u00bb background_image_as_pattern=\u00a0\u00bbwithout_pattern\u00a0\u00bb css=\u00a0\u00bb.vc_custom_1501493522920{padding-bottom: 80px !important;}\u00a0\u00bb][vc_column width=\u00a0\u00bb1\/2&Prime;][vc_empty_space][vc_column_text] Le sur-mesure avec des additifs [\/vc_column_text][vc_empty_space height=\u00a0\u00bb25px\u00a0\u00bb][vc_column_text]Les diff\u00e9rents thermoplastiques permettent d&rsquo;utiliser...\" \/>\n<meta property=\"og:url\" content=\"http:\/\/www.polyvel-europe.com\/fr\/plastiques-produits\/\" \/>\n<meta property=\"og:site_name\" content=\"Polyvel Europe GmbH\" \/>\n<meta property=\"article:modified_time\" content=\"2023-01-27T11:54:52+00:00\" \/>\n<meta name=\"twitter:card\" content=\"summary_large_image\" \/>\n<meta name=\"twitter:label1\" content=\"Dur\u00e9e de lecture estim\u00e9e\" \/>\n\t<meta name=\"twitter:data1\" content=\"3 minutes\" \/>\n<script type=\"application\/ld+json\" class=\"yoast-schema-graph\">{\"@context\":\"https:\/\/schema.org\",\"@graph\":[{\"@type\":\"WebPage\",\"@id\":\"http:\/\/www.polyvel-europe.com\/fr\/plastiques-produits\/\",\"url\":\"http:\/\/www.polyvel-europe.com\/fr\/plastiques-produits\/\",\"name\":\"Kunststoffe\/Produkte - Polyvel Europe GmbH\",\"isPartOf\":{\"@id\":\"http:\/\/www.polyvel-europe.com\/#website\"},\"datePublished\":\"2017-08-11T09:30:45+00:00\",\"dateModified\":\"2023-01-27T11:54:52+00:00\",\"breadcrumb\":{\"@id\":\"http:\/\/www.polyvel-europe.com\/fr\/plastiques-produits\/#breadcrumb\"},\"inLanguage\":\"fr-FR\",\"potentialAction\":[{\"@type\":\"ReadAction\",\"target\":[\"http:\/\/www.polyvel-europe.com\/fr\/plastiques-produits\/\"]}]},{\"@type\":\"BreadcrumbList\",\"@id\":\"http:\/\/www.polyvel-europe.com\/fr\/plastiques-produits\/#breadcrumb\",\"itemListElement\":[{\"@type\":\"ListItem\",\"position\":1,\"name\":\"Startseite\",\"item\":\"http:\/\/www.polyvel-europe.com\/fr\/\"},{\"@type\":\"ListItem\",\"position\":2,\"name\":\"Plastiques \/ Produits\"}]},{\"@type\":\"WebSite\",\"@id\":\"http:\/\/www.polyvel-europe.com\/#website\",\"url\":\"http:\/\/www.polyvel-europe.com\/\",\"name\":\"Polyvel Europe GmbH\",\"description\":\"Polyvel Europe GmbH\",\"potentialAction\":[{\"@type\":\"SearchAction\",\"target\":{\"@type\":\"EntryPoint\",\"urlTemplate\":\"http:\/\/www.polyvel-europe.com\/?s={search_term_string}\"},\"query-input\":\"required name=search_term_string\"}],\"inLanguage\":\"fr-FR\"}]}<\/script>\n<!-- \/ Yoast SEO plugin. -->","yoast_head_json":{"title":"Kunststoffe\/Produkte - Polyvel Europe GmbH","robots":{"index":"index","follow":"follow","max-snippet":"max-snippet:-1","max-image-preview":"max-image-preview:large","max-video-preview":"max-video-preview:-1"},"canonical":"http:\/\/www.polyvel-europe.com\/fr\/plastiques-produits\/","og_locale":"fr_FR","og_type":"article","og_title":"Kunststoffe\/Produkte - Polyvel Europe GmbH","og_description":"[vc_row css_animation=\u00a0\u00bb\u00a0\u00bb row_type=\u00a0\u00bbrow\u00a0\u00bb use_row_as_full_screen_section=\u00a0\u00bbno\u00a0\u00bb type=\u00a0\u00bbfull_width\u00a0\u00bb angled_section=\u00a0\u00bbno\u00a0\u00bb text_align=\u00a0\u00bbleft\u00a0\u00bb background_image_as_pattern=\u00a0\u00bbwithout_pattern\u00a0\u00bb css=\u00a0\u00bb.vc_custom_1501493434328{padding-top: 40px !important;padding-bottom: 40px !important;background-color: #f2f2f2 !important;}\u00a0\u00bb][vc_column][vc_row_inner row_type=\u00a0\u00bbrow\u00a0\u00bb type=\u00a0\u00bbgrid\u00a0\u00bb text_align=\u00a0\u00bbleft\u00a0\u00bb css_animation=\u00a0\u00bb\u00a0\u00bb][vc_column_inner][vc_column_text] Plastiques \/ Produits [\/vc_column_text][\/vc_column_inner][\/vc_row_inner][\/vc_column][\/vc_row][vc_row css_animation=\u00a0\u00bb\u00a0\u00bb row_type=\u00a0\u00bbrow\u00a0\u00bb use_row_as_full_screen_section=\u00a0\u00bbno\u00a0\u00bb type=\u00a0\u00bbgrid\u00a0\u00bb angled_section=\u00a0\u00bbno\u00a0\u00bb text_align=\u00a0\u00bbleft\u00a0\u00bb background_image_as_pattern=\u00a0\u00bbwithout_pattern\u00a0\u00bb css=\u00a0\u00bb.vc_custom_1501493522920{padding-bottom: 80px !important;}\u00a0\u00bb][vc_column width=\u00a0\u00bb1\/2&Prime;][vc_empty_space][vc_column_text] Le sur-mesure avec des additifs [\/vc_column_text][vc_empty_space height=\u00a0\u00bb25px\u00a0\u00bb][vc_column_text]Les diff\u00e9rents thermoplastiques permettent d&rsquo;utiliser...","og_url":"http:\/\/www.polyvel-europe.com\/fr\/plastiques-produits\/","og_site_name":"Polyvel Europe GmbH","article_modified_time":"2023-01-27T11:54:52+00:00","twitter_card":"summary_large_image","twitter_misc":{"Dur\u00e9e de lecture estim\u00e9e":"3 minutes"},"schema":{"@context":"https:\/\/schema.org","@graph":[{"@type":"WebPage","@id":"http:\/\/www.polyvel-europe.com\/fr\/plastiques-produits\/","url":"http:\/\/www.polyvel-europe.com\/fr\/plastiques-produits\/","name":"Kunststoffe\/Produkte - Polyvel Europe GmbH","isPartOf":{"@id":"http:\/\/www.polyvel-europe.com\/#website"},"datePublished":"2017-08-11T09:30:45+00:00","dateModified":"2023-01-27T11:54:52+00:00","breadcrumb":{"@id":"http:\/\/www.polyvel-europe.com\/fr\/plastiques-produits\/#breadcrumb"},"inLanguage":"fr-FR","potentialAction":[{"@type":"ReadAction","target":["http:\/\/www.polyvel-europe.com\/fr\/plastiques-produits\/"]}]},{"@type":"BreadcrumbList","@id":"http:\/\/www.polyvel-europe.com\/fr\/plastiques-produits\/#breadcrumb","itemListElement":[{"@type":"ListItem","position":1,"name":"Startseite","item":"http:\/\/www.polyvel-europe.com\/fr\/"},{"@type":"ListItem","position":2,"name":"Plastiques \/ Produits"}]},{"@type":"WebSite","@id":"http:\/\/www.polyvel-europe.com\/#website","url":"http:\/\/www.polyvel-europe.com\/","name":"Polyvel Europe GmbH","description":"Polyvel Europe GmbH","potentialAction":[{"@type":"SearchAction","target":{"@type":"EntryPoint","urlTemplate":"http:\/\/www.polyvel-europe.com\/?s={search_term_string}"},"query-input":"required name=search_term_string"}],"inLanguage":"fr-FR"}]}},"_links":{"self":[{"href":"http:\/\/www.polyvel-europe.com\/fr\/wp-json\/wp\/v2\/pages\/19368"}],"collection":[{"href":"http:\/\/www.polyvel-europe.com\/fr\/wp-json\/wp\/v2\/pages"}],"about":[{"href":"http:\/\/www.polyvel-europe.com\/fr\/wp-json\/wp\/v2\/types\/page"}],"author":[{"embeddable":true,"href":"http:\/\/www.polyvel-europe.com\/fr\/wp-json\/wp\/v2\/users\/3"}],"replies":[{"embeddable":true,"href":"http:\/\/www.polyvel-europe.com\/fr\/wp-json\/wp\/v2\/comments?post=19368"}],"version-history":[{"count":5,"href":"http:\/\/www.polyvel-europe.com\/fr\/wp-json\/wp\/v2\/pages\/19368\/revisions"}],"predecessor-version":[{"id":19665,"href":"http:\/\/www.polyvel-europe.com\/fr\/wp-json\/wp\/v2\/pages\/19368\/revisions\/19665"}],"wp:attachment":[{"href":"http:\/\/www.polyvel-europe.com\/fr\/wp-json\/wp\/v2\/media?parent=19368"}],"curies":[{"name":"wp","href":"https:\/\/api.w.org\/{rel}","templated":true}]}}