{"id":19381,"date":"2017-03-08T03:34:33","date_gmt":"2017-03-08T02:34:33","guid":{"rendered":"http:\/\/www.polyvel-europe.com\/impressum\/"},"modified":"2025-09-04T23:57:38","modified_gmt":"2025-09-04T21:57:38","slug":"mentions-egales","status":"publish","type":"page","link":"http:\/\/www.polyvel-europe.com\/fr\/mentions-egales\/","title":{"rendered":"Mentions \u00e9gales"},"content":{"rendered":"<p>[vc_row css_animation=\u00a0\u00bb\u00a0\u00bb row_type=\u00a0\u00bbrow\u00a0\u00bb use_row_as_full_screen_section=\u00a0\u00bbno\u00a0\u00bb type=\u00a0\u00bbfull_width\u00a0\u00bb angled_section=\u00a0\u00bbno\u00a0\u00bb text_align=\u00a0\u00bbleft\u00a0\u00bb background_image_as_pattern=\u00a0\u00bbwithout_pattern\u00a0\u00bb css=\u00a0\u00bb.vc_custom_1501493434328{padding-top: 40px !important;padding-bottom: 40px !important;background-color: #f2f2f2 !important;}\u00a0\u00bb][vc_column][vc_row_inner row_type=\u00a0\u00bbrow\u00a0\u00bb type=\u00a0\u00bbgrid\u00a0\u00bb text_align=\u00a0\u00bbleft\u00a0\u00bb css_animation=\u00a0\u00bb\u00a0\u00bb][vc_column_inner][vc_column_text]<\/p>\n<h4>Mentions \u00e9gales et protection des donn\u00e9es<\/h4>\n<p>[\/vc_column_text][\/vc_column_inner][\/vc_row_inner][\/vc_column][\/vc_row][vc_row css_animation=\u00a0\u00bb\u00a0\u00bb row_type=\u00a0\u00bbrow\u00a0\u00bb use_row_as_full_screen_section=\u00a0\u00bbno\u00a0\u00bb type=\u00a0\u00bbgrid\u00a0\u00bb angled_section=\u00a0\u00bbno\u00a0\u00bb text_align=\u00a0\u00bbleft\u00a0\u00bb background_image_as_pattern=\u00a0\u00bbwithout_pattern\u00a0\u00bb css=\u00a0\u00bb.vc_custom_1501493522920{padding-bottom: 80px !important;}\u00a0\u00bb][vc_column][vc_empty_space][vc_column_text]<\/p>\n<h4>Polyvel Europe GmbH<\/h4>\n<p>[\/vc_column_text][vc_column_text]Ostfeld 21 A<br \/>\n21635 Jork<br \/>\nVat.-id.-nr.:\u00a0DE 287800067<br \/>\nTel.: +49\u00a0(0) 4162 9133466<br \/>\ninfo@polyvel-europe.com<br \/>\nwww.polyvel-europe.com<br \/>\nRegistre du commerce de Tostedt, HRB 207321<\/p>\n<h4>Avis de responsabilit\u00e9<\/h4>\n<p>Malgr\u00e9 un contr\u00f4le minutieux, Polyvel Europe GmbH n&rsquo;assume aucune responsabilit\u00e9 quant au contenu des liens externes. Le contenu des pages li\u00e9es rel\u00e8ve de la seule responsabilit\u00e9 de leurs op\u00e9rateurs.<\/p>\n<h4>Utilisation et diffusion de donn\u00e9es personnelles<\/h4>\n<p>Les donn\u00e9es que vous nous fournissez ici ne sont en aucun cas transmises \u00e0 des tiers ni m\u00eame vendues. Nous prenons la protection des donn\u00e9es tr\u00e8s au s\u00e9rieux et d\u00e9sapprouvons toute action n&rsquo;allant pas dans ce sens.<\/p>\n<h4>Conception du site et r\u00e9alisation technique<\/h4>\n<p>Mattias Stiller \u2013 Webdesign &amp; Webberatung<br \/>\n<a href=\"http:\/\/www.mattiasstiller.de\" target=\"_blank\" rel=\"noopener\">WordPress<\/a> Hamburg et Webdesign<br \/>\nwww.mattiasstiller.de<\/p>\n<h4>Cr\u00e9dits photo<\/h4>\n<ul>\n<li>14712468 &#8211; <a class=\"photographer\" href=\"http:\/\/www.istockphoto.com\/de\/portfolio\/MiguelMalo?mediatype=photography\" target=\"_blank\" rel=\"noopener\">MiguelMalo<\/a> &#8211; istockphoto.com<\/li>\n<li>6513335 &#8211; <a class=\"photographer\" href=\"http:\/\/www.istockphoto.com\/de\/portfolio\/edfuentesg?mediatype=photography\" target=\"_blank\" rel=\"noopener\">edfuentesg<\/a> &#8211; istockphoto.com<\/li>\n<li>9795611 &#8211; <a class=\"photographer\" href=\"http:\/\/www.istockphoto.com\/de\/portfolio\/Mouse-ear?mediatype=photography\" target=\"_blank\" rel=\"noopener\">Mouse-ear<\/a> &#8211; istockphoto.com<\/li>\n<li>12492613 &#8211; <a class=\"photographer\" href=\"http:\/\/www.istockphoto.com\/de\/portfolio\/AdShooter?mediatype=photography\" target=\"_blank\" rel=\"noopener\">AdShooter<\/a> &#8211; istockphoto.com<\/li>\n<li>10112424 &#8211; <a class=\"photographer\" href=\"http:\/\/www.istockphoto.com\/de\/portfolio\/Dolas?mediatype=photography\" target=\"_blank\" rel=\"noopener\">Dolas<\/a> &#8211; istockphoto.com<\/li>\n<li>13792690 &#8211; <a class=\"photographer\" href=\"http:\/\/www.istockphoto.com\/de\/portfolio\/siliscarad?mediatype=photography\" target=\"_blank\" rel=\"noopener\">siliscarad<\/a> &#8211; istockphoto.com<\/li>\n<li>15223324 &#8211; <a class=\"photographer\" href=\"http:\/\/www.istockphoto.com\/de\/portfolio\/firemanYU?mediatype=photography\" target=\"_blank\" rel=\"noopener\">firemanYU<\/a> &#8211; istockphoto.com<\/li>\n<li>11650401 &#8211; <a class=\"photographer\" href=\"http:\/\/www.istockphoto.com\/de\/portfolio\/rzdeb?mediatype=photography\" target=\"_blank\" rel=\"noopener\">rzdeb<\/a> &#8211; istockphoto.com<\/li>\n<li>9427605 &#8211; <a class=\"photographer\" href=\"http:\/\/www.istockphoto.com\/de\/portfolio\/3DStock?mediatype=photography\" target=\"_blank\" rel=\"noopener\">3DStock<\/a> &#8211; istockphoto.com<\/li>\n<li>46880239 &#8211; <a href=\"https:\/\/www.shutterstock.com\/de\/g\/Steve+Cukrov\" target=\"_blank\" rel=\"noopener\">Steve Cukrov<\/a> &#8211; shutterstock.com<\/li>\n<li>667411924 &#8211; <a href=\"https:\/\/www.shutterstock.com\/de\/g\/KanyaratYas\" target=\"_blank\" rel=\"noopener\">Kanyarat Yas<\/a> &#8211; shutterstock.com<\/li>\n<li>114393016 &#8211; <a href=\"https:\/\/www.shutterstock.com\/de\/g\/arigato\" target=\"_blank\" rel=\"noopener\">arigato<\/a> &#8211; shutterstock.com<\/li>\n<li>241538209 &#8211; <a href=\"https:\/\/www.shutterstock.com\/de\/g\/XXLPhoto\" target=\"_blank\" rel=\"noopener\">XXLPhoto<\/a> &#8211; shutterstock.com<\/li>\n<li>574531750 &#8211; <a href=\"https:\/\/www.shutterstock.com\/de\/g\/mailsonpignata\" target=\"_blank\" rel=\"noopener\">mailsonpignata<\/a> &#8211; shutterstock.com<\/li>\n<\/ul>\n<p>[\/vc_column_text][\/vc_column][\/vc_row]<\/p>\n","protected":false},"excerpt":{"rendered":"<p>[vc_row css_animation=\u00a0\u00bb\u00a0\u00bb row_type=\u00a0\u00bbrow\u00a0\u00bb use_row_as_full_screen_section=\u00a0\u00bbno\u00a0\u00bb type=\u00a0\u00bbfull_width\u00a0\u00bb angled_section=\u00a0\u00bbno\u00a0\u00bb text_align=\u00a0\u00bbleft\u00a0\u00bb background_image_as_pattern=\u00a0\u00bbwithout_pattern\u00a0\u00bb css=\u00a0\u00bb.vc_custom_1501493434328{padding-top: 40px !important;padding-bottom: 40px !important;background-color: #f2f2f2 !important;}\u00a0\u00bb][vc_column][vc_row_inner row_type=\u00a0\u00bbrow\u00a0\u00bb type=\u00a0\u00bbgrid\u00a0\u00bb text_align=\u00a0\u00bbleft\u00a0\u00bb css_animation=\u00a0\u00bb\u00a0\u00bb][vc_column_inner][vc_column_text] Mentions \u00e9gales et protection des donn\u00e9es [\/vc_column_text][\/vc_column_inner][\/vc_row_inner][\/vc_column][\/vc_row][vc_row css_animation=\u00a0\u00bb\u00a0\u00bb row_type=\u00a0\u00bbrow\u00a0\u00bb use_row_as_full_screen_section=\u00a0\u00bbno\u00a0\u00bb type=\u00a0\u00bbgrid\u00a0\u00bb angled_section=\u00a0\u00bbno\u00a0\u00bb text_align=\u00a0\u00bbleft\u00a0\u00bb background_image_as_pattern=\u00a0\u00bbwithout_pattern\u00a0\u00bb css=\u00a0\u00bb.vc_custom_1501493522920{padding-bottom: 80px !important;}\u00a0\u00bb][vc_column][vc_empty_space][vc_column_text] Polyvel Europe GmbH [\/vc_column_text][vc_column_text]Ostfeld 21 A 21635 Jork Vat.-id.-nr.:\u00a0DE&#8230;<\/p>\n","protected":false},"author":3,"featured_media":0,"parent":0,"menu_order":0,"comment_status":"closed","ping_status":"closed","template":"full_width.php","meta":[],"yoast_head":"<!-- This site is optimized with the Yoast SEO plugin v19.8 - https:\/\/yoast.com\/wordpress\/plugins\/seo\/ -->\n<title>Impressum - Polyvel Europe GmbH<\/title>\n<meta name=\"robots\" content=\"index, follow, max-snippet:-1, max-image-preview:large, max-video-preview:-1\" \/>\n<link rel=\"canonical\" href=\"http:\/\/www.polyvel-europe.com\/fr\/mentions-egales\/\" \/>\n<meta property=\"og:locale\" content=\"fr_FR\" \/>\n<meta property=\"og:type\" content=\"article\" \/>\n<meta property=\"og:title\" content=\"Impressum - Polyvel Europe GmbH\" \/>\n<meta property=\"og:description\" content=\"[vc_row css_animation=\u00a0\u00bb\u00a0\u00bb row_type=\u00a0\u00bbrow\u00a0\u00bb use_row_as_full_screen_section=\u00a0\u00bbno\u00a0\u00bb type=\u00a0\u00bbfull_width\u00a0\u00bb angled_section=\u00a0\u00bbno\u00a0\u00bb text_align=\u00a0\u00bbleft\u00a0\u00bb background_image_as_pattern=\u00a0\u00bbwithout_pattern\u00a0\u00bb css=\u00a0\u00bb.vc_custom_1501493434328{padding-top: 40px !important;padding-bottom: 40px !important;background-color: #f2f2f2 !important;}\u00a0\u00bb][vc_column][vc_row_inner row_type=\u00a0\u00bbrow\u00a0\u00bb type=\u00a0\u00bbgrid\u00a0\u00bb text_align=\u00a0\u00bbleft\u00a0\u00bb css_animation=\u00a0\u00bb\u00a0\u00bb][vc_column_inner][vc_column_text] Mentions \u00e9gales et protection des donn\u00e9es [\/vc_column_text][\/vc_column_inner][\/vc_row_inner][\/vc_column][\/vc_row][vc_row css_animation=\u00a0\u00bb\u00a0\u00bb row_type=\u00a0\u00bbrow\u00a0\u00bb use_row_as_full_screen_section=\u00a0\u00bbno\u00a0\u00bb type=\u00a0\u00bbgrid\u00a0\u00bb angled_section=\u00a0\u00bbno\u00a0\u00bb text_align=\u00a0\u00bbleft\u00a0\u00bb background_image_as_pattern=\u00a0\u00bbwithout_pattern\u00a0\u00bb css=\u00a0\u00bb.vc_custom_1501493522920{padding-bottom: 80px !important;}\u00a0\u00bb][vc_column][vc_empty_space][vc_column_text] Polyvel Europe GmbH [\/vc_column_text][vc_column_text]Ostfeld 21 A 21635 Jork Vat.-id.-nr.:\u00a0DE...\" \/>\n<meta property=\"og:url\" content=\"http:\/\/www.polyvel-europe.com\/fr\/mentions-egales\/\" \/>\n<meta property=\"og:site_name\" content=\"Polyvel Europe GmbH\" \/>\n<meta property=\"article:modified_time\" content=\"2025-09-04T21:57:38+00:00\" \/>\n<meta name=\"twitter:card\" content=\"summary_large_image\" \/>\n<meta name=\"twitter:label1\" content=\"Dur\u00e9e de lecture estim\u00e9e\" \/>\n\t<meta name=\"twitter:data1\" content=\"2 minutes\" \/>\n<script type=\"application\/ld+json\" class=\"yoast-schema-graph\">{\"@context\":\"https:\/\/schema.org\",\"@graph\":[{\"@type\":\"WebPage\",\"@id\":\"http:\/\/www.polyvel-europe.com\/fr\/mentions-egales\/\",\"url\":\"http:\/\/www.polyvel-europe.com\/fr\/mentions-egales\/\",\"name\":\"Impressum - Polyvel Europe GmbH\",\"isPartOf\":{\"@id\":\"http:\/\/www.polyvel-europe.com\/#website\"},\"datePublished\":\"2017-03-08T02:34:33+00:00\",\"dateModified\":\"2025-09-04T21:57:38+00:00\",\"breadcrumb\":{\"@id\":\"http:\/\/www.polyvel-europe.com\/fr\/mentions-egales\/#breadcrumb\"},\"inLanguage\":\"fr-FR\",\"potentialAction\":[{\"@type\":\"ReadAction\",\"target\":[\"http:\/\/www.polyvel-europe.com\/fr\/mentions-egales\/\"]}]},{\"@type\":\"BreadcrumbList\",\"@id\":\"http:\/\/www.polyvel-europe.com\/fr\/mentions-egales\/#breadcrumb\",\"itemListElement\":[{\"@type\":\"ListItem\",\"position\":1,\"name\":\"Startseite\",\"item\":\"http:\/\/www.polyvel-europe.com\/fr\/\"},{\"@type\":\"ListItem\",\"position\":2,\"name\":\"Mentions \u00e9gales\"}]},{\"@type\":\"WebSite\",\"@id\":\"http:\/\/www.polyvel-europe.com\/#website\",\"url\":\"http:\/\/www.polyvel-europe.com\/\",\"name\":\"Polyvel Europe GmbH\",\"description\":\"Polyvel Europe GmbH\",\"potentialAction\":[{\"@type\":\"SearchAction\",\"target\":{\"@type\":\"EntryPoint\",\"urlTemplate\":\"http:\/\/www.polyvel-europe.com\/?s={search_term_string}\"},\"query-input\":\"required name=search_term_string\"}],\"inLanguage\":\"fr-FR\"}]}<\/script>\n<!-- \/ Yoast SEO plugin. -->","yoast_head_json":{"title":"Impressum - Polyvel Europe GmbH","robots":{"index":"index","follow":"follow","max-snippet":"max-snippet:-1","max-image-preview":"max-image-preview:large","max-video-preview":"max-video-preview:-1"},"canonical":"http:\/\/www.polyvel-europe.com\/fr\/mentions-egales\/","og_locale":"fr_FR","og_type":"article","og_title":"Impressum - Polyvel Europe GmbH","og_description":"[vc_row css_animation=\u00a0\u00bb\u00a0\u00bb row_type=\u00a0\u00bbrow\u00a0\u00bb use_row_as_full_screen_section=\u00a0\u00bbno\u00a0\u00bb type=\u00a0\u00bbfull_width\u00a0\u00bb angled_section=\u00a0\u00bbno\u00a0\u00bb text_align=\u00a0\u00bbleft\u00a0\u00bb background_image_as_pattern=\u00a0\u00bbwithout_pattern\u00a0\u00bb css=\u00a0\u00bb.vc_custom_1501493434328{padding-top: 40px !important;padding-bottom: 40px !important;background-color: #f2f2f2 !important;}\u00a0\u00bb][vc_column][vc_row_inner row_type=\u00a0\u00bbrow\u00a0\u00bb type=\u00a0\u00bbgrid\u00a0\u00bb text_align=\u00a0\u00bbleft\u00a0\u00bb css_animation=\u00a0\u00bb\u00a0\u00bb][vc_column_inner][vc_column_text] Mentions \u00e9gales et protection des donn\u00e9es [\/vc_column_text][\/vc_column_inner][\/vc_row_inner][\/vc_column][\/vc_row][vc_row css_animation=\u00a0\u00bb\u00a0\u00bb row_type=\u00a0\u00bbrow\u00a0\u00bb use_row_as_full_screen_section=\u00a0\u00bbno\u00a0\u00bb type=\u00a0\u00bbgrid\u00a0\u00bb angled_section=\u00a0\u00bbno\u00a0\u00bb text_align=\u00a0\u00bbleft\u00a0\u00bb background_image_as_pattern=\u00a0\u00bbwithout_pattern\u00a0\u00bb css=\u00a0\u00bb.vc_custom_1501493522920{padding-bottom: 80px !important;}\u00a0\u00bb][vc_column][vc_empty_space][vc_column_text] Polyvel Europe GmbH [\/vc_column_text][vc_column_text]Ostfeld 21 A 21635 Jork Vat.-id.-nr.:\u00a0DE...","og_url":"http:\/\/www.polyvel-europe.com\/fr\/mentions-egales\/","og_site_name":"Polyvel Europe GmbH","article_modified_time":"2025-09-04T21:57:38+00:00","twitter_card":"summary_large_image","twitter_misc":{"Dur\u00e9e de lecture estim\u00e9e":"2 minutes"},"schema":{"@context":"https:\/\/schema.org","@graph":[{"@type":"WebPage","@id":"http:\/\/www.polyvel-europe.com\/fr\/mentions-egales\/","url":"http:\/\/www.polyvel-europe.com\/fr\/mentions-egales\/","name":"Impressum - Polyvel Europe GmbH","isPartOf":{"@id":"http:\/\/www.polyvel-europe.com\/#website"},"datePublished":"2017-03-08T02:34:33+00:00","dateModified":"2025-09-04T21:57:38+00:00","breadcrumb":{"@id":"http:\/\/www.polyvel-europe.com\/fr\/mentions-egales\/#breadcrumb"},"inLanguage":"fr-FR","potentialAction":[{"@type":"ReadAction","target":["http:\/\/www.polyvel-europe.com\/fr\/mentions-egales\/"]}]},{"@type":"BreadcrumbList","@id":"http:\/\/www.polyvel-europe.com\/fr\/mentions-egales\/#breadcrumb","itemListElement":[{"@type":"ListItem","position":1,"name":"Startseite","item":"http:\/\/www.polyvel-europe.com\/fr\/"},{"@type":"ListItem","position":2,"name":"Mentions \u00e9gales"}]},{"@type":"WebSite","@id":"http:\/\/www.polyvel-europe.com\/#website","url":"http:\/\/www.polyvel-europe.com\/","name":"Polyvel Europe GmbH","description":"Polyvel Europe GmbH","potentialAction":[{"@type":"SearchAction","target":{"@type":"EntryPoint","urlTemplate":"http:\/\/www.polyvel-europe.com\/?s={search_term_string}"},"query-input":"required name=search_term_string"}],"inLanguage":"fr-FR"}]}},"_links":{"self":[{"href":"http:\/\/www.polyvel-europe.com\/fr\/wp-json\/wp\/v2\/pages\/19381"}],"collection":[{"href":"http:\/\/www.polyvel-europe.com\/fr\/wp-json\/wp\/v2\/pages"}],"about":[{"href":"http:\/\/www.polyvel-europe.com\/fr\/wp-json\/wp\/v2\/types\/page"}],"author":[{"embeddable":true,"href":"http:\/\/www.polyvel-europe.com\/fr\/wp-json\/wp\/v2\/users\/3"}],"replies":[{"embeddable":true,"href":"http:\/\/www.polyvel-europe.com\/fr\/wp-json\/wp\/v2\/comments?post=19381"}],"version-history":[{"count":5,"href":"http:\/\/www.polyvel-europe.com\/fr\/wp-json\/wp\/v2\/pages\/19381\/revisions"}],"predecessor-version":[{"id":19673,"href":"http:\/\/www.polyvel-europe.com\/fr\/wp-json\/wp\/v2\/pages\/19381\/revisions\/19673"}],"wp:attachment":[{"href":"http:\/\/www.polyvel-europe.com\/fr\/wp-json\/wp\/v2\/media?parent=19381"}],"curies":[{"name":"wp","href":"https:\/\/api.w.org\/{rel}","templated":true}]}}